{"id":1581,"date":"2024-06-27T10:00:52","date_gmt":"2024-06-27T07:00:52","guid":{"rendered":"http:\/\/genart.bhsc.com.tr\/?page_id=1581"},"modified":"2024-08-01T14:24:39","modified_gmt":"2024-08-01T11:24:39","slug":"subelerimiz","status":"publish","type":"page","link":"https:\/\/genart.com.tr\/en\/subelerimiz\/","title":{"rendered":"Our Branches"},"content":{"rendered":"<p><section id=\"bt_section69f7563b1ecb4\"  class=\"boldSection gutter fullScreenHeight inherit\" ><div class=\"port\"><div class=\"boldCell\"><div class=\"boldCellInner\"><div class=\"boldRow\" ><div class=\"boldRowInner\"><div class=\"rowItem col-md-12 col-ms-12  btTextCenter animate animate-fadein animate-moveright btMiddleVertical\"  ><div class=\"rowItemContent\" ><div class=\"btClear btSeparator bottomSemiSpaced noBorder\" ><hr><\/div><div class=\"btText\" ><\/p>\n<p>\n<\/div><\/div><\/div><\/div><\/div><\/div><\/div><\/div><\/section><section id=\"bt_section69f7563b1f26c\"  class=\"boldSection gutter\" ><div class=\"port\"><div class=\"boldCell\"><div class=\"boldCellInner\"><div class=\"boldRow\" ><div class=\"boldRowInner\"><div class=\"rowItem col-md-12 col-ms-12  btTextLeft\"  ><div class=\"rowItemContent\" ><div class=\"btClear btSeparator topSemiSpaced bottomSemiSpaced noBorder\" ><hr><\/div><div class=\"btText\" ><\/p>\n<p><strong>Gen-Art Bak\u00fc \u015eubesi Azerbaycan\u2019da 2023 y\u0131l\u0131nda a\u00e7\u0131lm\u0131\u015f olup,<\/strong><strong> hem Azerbaycan hem de di\u011fer \u00fclke vatanda\u015flar\u0131na t\u00fcp bebek hizmeti vermektedir. Merkezimizde konusunda uzman kad\u0131n hastal\u0131klar\u0131 ve do\u011fum hekimi, uluslararas\u0131 tecr\u00fcbeye sahip embriyologlar, hem\u015fire ve yard\u0131mc\u0131 personellerimiz mevcuttur. \u0130leri teknoloji cihazlar ile infertilite ve \u00fcreme biyoteknolojisi alan\u0131nda hizmet vermekte olan merkezimiz, yeni geli\u015fen veya geli\u015fecek olan spindle transferi, mitokondriyal teknolojiler gibi yeni metotlar\u0131n iyi bir kullan\u0131c\u0131s\u0131 olmay\u0131 \u00f6nemli bir misyon kabul etmi\u015ftir.<\/strong><\/p>\n<p><strong>Merkezimiz ayr\u0131ca SMA, Talasami, Kistik Fibrozis, Otizm spektrumu ve metabolik genetik hastal\u0131klar gibi bilinen t\u00fcm tek gen hastal\u0131klar\u0131na y\u00f6nelik preimplantasyon genetik tan\u0131 uygulamalar\u0131n\u0131 ger\u00e7ekle\u015ftirmekte, yine akraba evliliklerinin y\u00fcksek oldu\u011fu Azerbaycan ve b\u00f6lge \u00fclkelerinin vatanda\u015flar\u0131na \u00f6nemli hizmetler vermektedir.<\/strong><\/p>\n<p>\n<\/div><\/div><\/div><\/div><\/div><\/div><\/div><\/div><\/section><\/p>","protected":false},"excerpt":{"rendered":"","protected":false},"author":1,"featured_media":2299,"parent":0,"menu_order":0,"comment_status":"closed","ping_status":"closed","template":"","meta":{"footnotes":""},"class_list":["post-1581","page","type-page","status-publish","has-post-thumbnail","hentry"],"_links":{"self":[{"href":"https:\/\/genart.com.tr\/en\/wp-json\/wp\/v2\/pages\/1581","targetHints":{"allow":["GET"]}}],"collection":[{"href":"https:\/\/genart.com.tr\/en\/wp-json\/wp\/v2\/pages"}],"about":[{"href":"https:\/\/genart.com.tr\/en\/wp-json\/wp\/v2\/types\/page"}],"author":[{"embeddable":true,"href":"https:\/\/genart.com.tr\/en\/wp-json\/wp\/v2\/users\/1"}],"replies":[{"embeddable":true,"href":"https:\/\/genart.com.tr\/en\/wp-json\/wp\/v2\/comments?post=1581"}],"version-history":[{"count":22,"href":"https:\/\/genart.com.tr\/en\/wp-json\/wp\/v2\/pages\/1581\/revisions"}],"predecessor-version":[{"id":2603,"href":"https:\/\/genart.com.tr\/en\/wp-json\/wp\/v2\/pages\/1581\/revisions\/2603"}],"wp:featuredmedia":[{"embeddable":true,"href":"https:\/\/genart.com.tr\/en\/wp-json\/wp\/v2\/media\/2299"}],"wp:attachment":[{"href":"https:\/\/genart.com.tr\/en\/wp-json\/wp\/v2\/media?parent=1581"}],"curies":[{"name":"wp","href":"https:\/\/api.w.org\/{rel}","templated":true}]}}