{"id":1983,"date":"2024-07-03T15:50:17","date_gmt":"2024-07-03T12:50:17","guid":{"rendered":"http:\/\/genart.bhsc.com.tr\/?page_id=1983"},"modified":"2024-08-05T13:41:19","modified_gmt":"2024-08-05T10:41:19","slug":"volkan-baltaci-2","status":"publish","type":"page","link":"https:\/\/genart.com.tr\/en\/volkan-baltaci-2\/","title":{"rendered":"Volkan Baltaci"},"content":{"rendered":"<p><section id=\"bt_section69f75b6cf3edb\"  class=\"boldSection btDivider topSemiSpaced bottomSemiSpaced btDarkSkin gutter inherit wBackground cover\" style=\"background-color:#0cb8b6;background-image:url('https:\/\/genart.com.tr\/wp-content\/uploads\/2015\/12\/bgn-grad.png');\"><div class=\"port\"><div class=\"boldCell\"><div class=\"boldCellInner\"><div class=\"boldRow\" ><div class=\"boldRowInner\"><div class=\"rowItem col-md-4 col-ms-12 btTextRight inherit btNoPadding\"  ><div class=\"rowItemContent\" ><\/div><\/div><div class=\"rowItem col-md-8 col-ms-12 btTextLeft animate animate-fadein animate-moveleft inherit btDoublePadding\"  ><div class=\"rowItemContent\" ><div class=\"btClear btSeparator topExtraSmallSpaced noBorder\" ><hr><\/div><div class=\"btClear btSeparator topExtraSmallSpaced noBorder\" ><hr><\/div><header class=\"header btClear medium  btNormalDash\" ><div class=\"btSuperTitle\">Prof.Dr.<\/div><div class=\"dash\"><h3><span class=\"headline\">Volkan Baltaci<\/span><\/h3><\/div><\/header><\/div><\/div><\/div><\/div><\/div><\/div><\/div><\/section><section id=\"bt_section69f75b6d00176\"  class=\"boldSection topSemiSpaced bottomSpaced gutter inherit\" style=\"background-color:#f1f1f1;\"><div class=\"port\"><div class=\"boldCell\"><div class=\"boldCellInner\"><div class=\"boldRow\" ><div class=\"boldRowInner\"><div class=\"rowItem col-md-4 col-ms-12 btTextLeft animate animate-fadein animate-moveup btTextIndent inherit\" style=\"margin-top: -180px;\" ><div class=\"rowItemContent\" style = \"background-color:#ffffff;\"><div class=\"bpgPhoto btTextCenter\" ><div class=\"btImage\"><img decoding=\"async\" src=\"https:\/\/genart.com.tr\/wp-content\/uploads\/2024\/07\/A921B585-AB75-4B19-9F5E-1AF2FDD75DDF-scaled-e1722854454435.jpeg\" alt=\"\" title=\"\"><\/div><\/div><div class=\"btIconImageRow btIconsHalfHoverPosition\" ><span class=\"btIco btIcoFilledType btIcoMediumSize btIcoAccentColor  btIcoOutline\" ><a href=\"#\"  target = \"no_target\" data-ico-hp=\"&#xe90f;\" class=\"btIcoHolder\"><em><\/em><\/a><\/span><span class=\"btIco btIcoFilledType btIcoMediumSize btIcoAlterColor  btIcoOutline\" ><a href=\"https:\/\/www.instagram.com\/prof.dr.volkan_baltaci\/\"  target = \"no_target\" data-ico-fa=\"&#xf16d;\" class=\"btIcoHolder\"><em><\/em><\/a><\/span><span class=\"btIco btIcoFilledType btIcoMediumSize btIcoAlterColor  btIcoOutline\" ><a href=\"https:\/\/tr.linkedin.com\/in\/volkan-baltaci-5815153a\"  target = \"no_target\" data-ico-fa=\"&#xf0e1;\" class=\"btIcoHolder\"><em><\/em><\/a><\/span><\/div><div class=\"btClear btSeparator topSmallSpaced noBorder\" ><hr><\/div><div class=\"btClear btSeparator topSmallSpaced noBorder\" ><hr><\/div><div class=\"btClear btSeparator bottomSemiSpaced border\" ><hr><\/div><div class=\"btClear btSeparator topExtraSmallSpaced noBorder\" ><hr><\/div><header class=\"header btClear medium  btNormalDash\" ><div class=\"dash\"><h3><span class=\"headline\">\u0130leti\u015fim Bilgileri<\/span><\/h3><\/div><\/header><div class=\"btClear btSeparator topExtraSmallSpaced noBorder\" ><hr><\/div><div class=\"btIconImageRow btIconsNormalPosition\" ><span class=\"btIco btIcoDefaultType btIcoSmallSize btIcoDefaultColor\" ><a href=\"tel:+90%20312%20442%2063%2084\"  target = \"no_target\" data-ico-fa=\"&#xf095;\" class=\"btIcoHolder\"><em><\/em><span class=\"btIcoText\">+90 312 442 63 84<\/span><\/a><\/span><\/div><div class=\"btClear btSeparator topExtraSmallSpaced noBorder\" ><hr><\/div><div class=\"btIconImageRow btIconsNormalPosition\" ><span class=\"btIco btIcoDefaultType btIcoSmallSize btIcoDefaultColor\" ><a href=\"mailto:info@genart.com.tr\"  target = \"no_target\" data-ico-fa=\"&#xf003;\" class=\"btIcoHolder\"><em><\/em><span class=\"btIcoText\">info@genart.com.tr<\/span><\/a><\/span><\/div><div class=\"btClear btSeparator topExtraSmallSpaced noBorder\" ><hr><\/div><div class=\"btClear btSeparator topSemiSpaced noBorder\" ><hr><\/div><\/div><\/div><div class=\"rowItem col-md-8 col-ms-12 btTextLeft animate animate-fadein inherit btDoublePadding\"  ><div class=\"rowItemContent\" ><div class=\"btClear btSeparator bottomSmallSpaced border\" ><hr><\/div><header class=\"header btClear large  btNormalDash\" ><div class=\"btSuperTitle\">Prof. Dr. Volkan Baltac\u0131 has focused his studies in the field of reproductive genetics and preimplantation genetic diagnosis and has published many local and foreign articles on this subject. He has served as a faculty member in the Genetics Departments of different universities.<\/div><\/header><div class=\"btClear btSeparator bottomSmallSpaced border\" ><hr><\/div><div class=\"boldRow boldInnerRow\" ><div class=\"rowItem rowInnerItem col-md-12  btTextLeft\"  ><div class=\"rowItemContent\"><div class=\"btText\" ><\/p>\n<p>Prof. Dr. Volkan Baltac\u0131 1964 Ankara do\u011fumludur. Ankara \u00dcniversitesi t\u0131p fak\u00fcltesinden 1988 y\u0131l\u0131nda mezun olmu\u015ftur. T\u0131bbi Genetik Uzmanl\u0131k e\u011fitimini 1993 y\u0131l\u0131nda tamamlam\u0131\u015f ve 1999 y\u0131l\u0131nda bu dalda do\u00e7entlik \u00fcnvan\u0131n\u0131 alm\u0131\u015ft\u0131r. 2003 y\u0131l\u0131nda Toksikoloji bilim dal\u0131nda doktoras\u0131n\u0131 tamamlayan Dr Baltac\u0131 1993 y\u0131l\u0131ndan bu yana 30.000\u2019den fazla hastaya prenatal genetik tan\u0131 testi ger\u00e7ekle\u015ftirmi\u015ftir. Daha sonra \u00e7al\u0131\u015fmalar\u0131n\u0131 \u00fcreme geneti\u011fi ve preimplantasyon genetik tan\u0131 alan\u0131nda yo\u011funla\u015ft\u0131rm\u0131\u015f ve bu konuda \u00e7ok say\u0131da yerli \u2013 yabanc\u0131 makale yay\u0131nlam\u0131\u015ft\u0131r. Farkl\u0131 \u00fcniversitelerin Genetik Anabilim Dallar\u0131nda \u00d6\u011fretim \u00fcyesi olarak g\u00f6rev yapm\u0131\u015f olan Volkan Baltac\u0131 Baylor Collage\u2019ta (Houston-USA) \u00fcreme geneti\u011fi ve preimplantasyon genetik tan\u0131 konular\u0131nda \u00e7al\u0131\u015fm\u0131\u015f ve sonras\u0131nda Ankara \u00dcniversitesi T\u00fcp Bebek \u00dcnitesinde Embriyoloji Laboratuar sorumlusu olarak g\u00f6rev yapm\u0131\u015ft\u0131r. \u015eubat &#8211; 2008 tarihinde profes\u00f6rl\u00fc\u011fe y\u00fckseltilmi\u015f olan evli ve iki \u00e7ocuk babas\u0131 Dr Volkan Baltac\u0131 halen Y\u00fcksek \u0130htisas \u00dcniversitesi T\u0131p Fak\u00fcltesi T\u0131bbi Genetik Anabilim Dal\u0131 Ba\u015fkan\u0131 olarak g\u00f6rev yapmaktad\u0131r.<\/p>\n<p class=\"node\">\n<\/div><\/div><\/div><\/div><div class=\"btClear btSeparator topSmallSpaced bottomSmallSpaced border\" ><hr><\/div><\/div><\/div><\/div><\/div><\/div><\/div><\/div><\/section><section id=\"bt_section69f75b6d01cef\"  class=\"boldSection gutter\" ><div class=\"port\"><div class=\"boldCell\"><div class=\"boldCellInner\"><div class=\"boldRow\" ><div class=\"boldRowInner\"><div class=\"rowItem col-md-12 col-ms-12  btTextLeft\"  ><div class=\"rowItemContent\" ><div class=\"btClear btSeparator topExtraSpaced noBorder\" ><hr><\/div><\/div><\/div><\/div><\/div><\/div><\/div><\/div><\/section><\/p>","protected":false},"excerpt":{"rendered":"","protected":false},"author":1,"featured_media":0,"parent":0,"menu_order":0,"comment_status":"closed","ping_status":"closed","template":"","meta":{"footnotes":""},"class_list":["post-1983","page","type-page","status-publish","hentry"],"_links":{"self":[{"href":"https:\/\/genart.com.tr\/en\/wp-json\/wp\/v2\/pages\/1983","targetHints":{"allow":["GET"]}}],"collection":[{"href":"https:\/\/genart.com.tr\/en\/wp-json\/wp\/v2\/pages"}],"about":[{"href":"https:\/\/genart.com.tr\/en\/wp-json\/wp\/v2\/types\/page"}],"author":[{"embeddable":true,"href":"https:\/\/genart.com.tr\/en\/wp-json\/wp\/v2\/users\/1"}],"replies":[{"embeddable":true,"href":"https:\/\/genart.com.tr\/en\/wp-json\/wp\/v2\/comments?post=1983"}],"version-history":[{"count":10,"href":"https:\/\/genart.com.tr\/en\/wp-json\/wp\/v2\/pages\/1983\/revisions"}],"predecessor-version":[{"id":2617,"href":"https:\/\/genart.com.tr\/en\/wp-json\/wp\/v2\/pages\/1983\/revisions\/2617"}],"wp:attachment":[{"href":"https:\/\/genart.com.tr\/en\/wp-json\/wp\/v2\/media?parent=1983"}],"curies":[{"name":"wp","href":"https:\/\/api.w.org\/{rel}","templated":true}]}}