{"id":2018,"date":"2024-07-05T09:13:18","date_gmt":"2024-07-05T06:13:18","guid":{"rendered":"http:\/\/genart.bhsc.com.tr\/?page_id=2018"},"modified":"2024-07-16T12:30:35","modified_gmt":"2024-07-16T09:30:35","slug":"sertac-sen-2","status":"publish","type":"page","link":"https:\/\/genart.com.tr\/en\/sertac-sen-2\/","title":{"rendered":"Serta\u00e7 \u015fen"},"content":{"rendered":"<p><section id=\"bt_section69f755d6408bd\"  class=\"boldSection btDivider topSemiSpaced bottomSemiSpaced btDarkSkin gutter inherit wBackground cover\" style=\"background-color:#0cb8b6;background-image:url('https:\/\/genart.com.tr\/wp-content\/uploads\/2015\/12\/bgn-grad.png');\"><div class=\"port\"><div class=\"boldCell\"><div class=\"boldCellInner\"><div class=\"boldRow\" ><div class=\"boldRowInner\"><div class=\"rowItem col-md-4 col-ms-12 btTextRight inherit btNoPadding\"  ><div class=\"rowItemContent\" ><\/div><\/div><div class=\"rowItem col-md-8 col-ms-12 btTextLeft animate animate-fadein animate-moveleft inherit btDoublePadding\"  ><div class=\"rowItemContent\" ><div class=\"btClear btSeparator topExtraSmallSpaced noBorder\" ><hr><\/div><div class=\"btClear btSeparator topExtraSmallSpaced noBorder\" ><hr><\/div><header class=\"header btClear medium  btNormalDash\" ><div class=\"btSuperTitle\">Op.Dr.<\/div><div class=\"dash\"><h3><span class=\"headline\">Serta\u00e7 Sen<\/span><\/h3><\/div><\/header><\/div><\/div><\/div><\/div><\/div><\/div><\/div><\/section><section id=\"bt_section69f755d640db6\"  class=\"boldSection topSemiSpaced bottomSpaced gutter inherit\" style=\"background-color:#f1f1f1;\"><div class=\"port\"><div class=\"boldCell\"><div class=\"boldCellInner\"><div class=\"boldRow\" ><div class=\"boldRowInner\"><div class=\"rowItem col-md-4 col-ms-12 btTextLeft animate animate-fadein animate-moveup btTextIndent inherit\" style=\"margin-top: -180px;\" ><div class=\"rowItemContent\" style = \"background-color:#ffffff;\"><div class=\"bpgPhoto btTextCenter\" ><div class=\"btImage\"><img decoding=\"async\" src=\"https:\/\/genart.com.tr\/wp-content\/uploads\/2024\/07\/SERTAC-SEN-scaled-e1719990300228.jpg\" alt=\"\" title=\"\"><\/div><\/div><div class=\"btIconImageRow btIconsHalfHoverPosition\" ><span class=\"btIco btIcoFilledType btIcoMediumSize btIcoAccentColor  btIcoOutline\" ><a href=\"#\"  target = \"no_target\" data-ico-hp=\"&#xe90f;\" class=\"btIcoHolder\"><em><\/em><\/a><\/span><span class=\"btIco btIcoFilledType btIcoMediumSize btIcoAlterColor  btIcoOutline\" ><a href=\"https:\/\/www.instagram.com\/dr.sertac_sen\/\"  target = \"no_target\" data-ico-fa=\"&#xf16d;\" class=\"btIcoHolder\"><em><\/em><\/a><\/span><span class=\"btIco btIcoFilledType btIcoMediumSize btIcoAlterColor\" ><a href=\"https:\/\/www.linkedin.com\/in\/serta\u00e7-\u015fen-1611a940\/\"  target = \"no_target\" data-ico-fa=\"&#xf0e1;\" class=\"btIcoHolder\"><em><\/em><\/a><\/span><\/div><div class=\"btClear btSeparator topSmallSpaced noBorder\" ><hr><\/div><div class=\"btClear btSeparator topSmallSpaced noBorder\" ><hr><\/div><div class=\"btClear btSeparator bottomSemiSpaced border\" ><hr><\/div><div class=\"btClear btSeparator topExtraSmallSpaced noBorder\" ><hr><\/div><header class=\"header btClear medium  btNormalDash\" ><div class=\"dash\"><h3><span class=\"headline\">\u0130leti\u015fim Bilgileri<\/span><\/h3><\/div><\/header><div class=\"btClear btSeparator topExtraSmallSpaced noBorder\" ><hr><\/div><div class=\"btIconImageRow btIconsNormalPosition\" ><span class=\"btIco btIcoDefaultType btIcoSmallSize btIcoDefaultColor\" ><a href=\"tel:+90%20312%20442%2063%2084\"  target = \"no_target\" data-ico-fa=\"&#xf095;\" class=\"btIcoHolder\"><em><\/em><span class=\"btIcoText\">+90 312 442 63 84<\/span><\/a><\/span><\/div><div class=\"btClear btSeparator topExtraSmallSpaced noBorder\" ><hr><\/div><div class=\"btIconImageRow btIconsNormalPosition\" ><span class=\"btIco btIcoDefaultType btIcoSmallSize btIcoDefaultColor\" ><a href=\"mailto:info@genart.com.tr\"  target = \"no_target\" data-ico-fa=\"&#xf003;\" class=\"btIcoHolder\"><em><\/em><span class=\"btIcoText\">info@genart.com.tr<\/span><\/a><\/span><\/div><div class=\"btClear btSeparator topExtraSmallSpaced noBorder\" ><hr><\/div><div class=\"btClear btSeparator topSemiSpaced noBorder\" ><hr><\/div><\/div><\/div><div class=\"rowItem col-md-8 col-ms-12 btTextLeft animate animate-fadein inherit btDoublePadding\"  ><div class=\"rowItemContent\" ><div class=\"btClear btSeparator bottomSmallSpaced border\" ><hr><\/div><header class=\"header btClear large  btNormalDash\" ><div class=\"btSuperTitle\">K\u0131s\u0131rl\u0131k tedavileri, genetik destekli t\u00fcp bebek uygulamalar\u0131 ve tekrarlayan gebelik kayb\u0131 konular\u0131nda \u00f6zellikle yo\u011funla\u015fm\u0131\u015ft\u0131r.<\/div><\/header><div class=\"btClear btSeparator bottomSmallSpaced border\" ><hr><\/div><div class=\"boldRow boldInnerRow\" ><div class=\"rowItem rowInnerItem col-md-12  btTextLeft\"  ><div class=\"rowItemContent\"><div class=\"btText\" ><\/p>\n<p>Op. Dr. Serta\u00e7 \u015eEN 1972 K\u00fctahya do\u011fumludur. G\u00fclhane Askeri T\u0131p Akademisi, T\u0131p fak\u00fcltesinden 1996 y\u0131l\u0131nda mezun olmu\u015ftur. Kad\u0131n hastal\u0131klar\u0131 ve do\u011fum ihtisas\u0131n\u0131, GATA Kad\u0131n Hastal\u0131klar\u0131 ve Do\u011fum klini\u011finde tamamlayarak 2003 y\u0131l\u0131nda Operat\u00f6r Doktor unvan\u0131n\u0131 alm\u0131\u015ft\u0131r. Mecburi hizmetini 2006 y\u0131l\u0131nda Erzurum Askeri Hastanesi&#8217;nde tamamlam\u0131\u015ft\u0131r. Erzurum\u2019da 2006 &#8211; 2008 y\u0131llar\u0131 aras\u0131nda \u00d6zel \u015eifa Hastanesi T\u00fcp Bebek B\u00f6l\u00fcm\u00fc\u2019nde \u00e7al\u0131\u015farak, Do\u011fu Anadolu B\u00f6lgesi&#8217;nde \u0130lk IVF uygulamalar\u0131 ger\u00e7ekle\u015ftiren ekibin bir par\u00e7as\u0131 olmu\u015ftur. T\u00fcp bebek e\u011fitimini Ankara \u00dcniversitesi IVF klini\u011finde tamamlayarak \u00dcYTE sertifikas\u0131n\u0131 alm\u0131\u015ft\u0131r. ASRM (Amerikan \u00dcreme T\u0131bb\u0131 Derne\u011fi) ve ESHRE (Avrupa \u0130nsan \u00dcremesi ve Embriyoloji Derne\u011fi) \u00fcyelikleri mevcut olup toplant\u0131lara kat\u0131l\u0131m\u0131 devam etmektedir. K\u0131s\u0131rl\u0131k tedavileri, genetik destekli t\u00fcp bebek uygulamalar\u0131 ve tekrarlayan gebelik kayb\u0131 konular\u0131nda \u00f6zellikle yo\u011funla\u015fm\u0131\u015ft\u0131r. 2009 y\u0131l\u0131ndan bu yana GEN-ART T\u00fcp Bebek ve \u00dcreme Biyoteknolojisi Merkezi\u2019nde \u00e7al\u0131\u015fmaktad\u0131r. Uzun y\u0131llar \u00dcYTE sorumlusu g\u00f6revini \u00fcstlenmi\u015f olup ayn\u0131 merkezde Mesul M\u00fcd\u00fcrl\u00fck g\u00f6revi ile beraber IVF \u00e7al\u0131\u015fmalar\u0131na devam etmektedir.<\/p>\n<p class=\"node\">\n<p>\n<\/div><\/div><\/div><\/div><div class=\"btClear btSeparator topSmallSpaced bottomSmallSpaced border\" ><hr><\/div><div class=\"btIconImageRow btTextRight btIconsNormalPosition\" ><span class=\"btIco btIcoOutlineType btIcoSmallSize btIcoDefaultColor\" ><a href=\"https:\/\/www.instagram.com\/dr.sertac_sen\/\"  target = \"no_target\" data-ico-fa=\"&#xf16d;\" class=\"btIcoHolder\"><em><\/em><\/a><\/span><span class=\"btIco btIcoOutlineType btIcoSmallSize btIcoDefaultColor\" ><a href=\"https:\/\/www.linkedin.com\/in\/serta\u00e7-\u015fen-1611a940\/\"  target = \"no_target\" data-ico-fa=\"&#xf0e1;\" class=\"btIcoHolder\"><em><\/em><\/a><\/span><\/div><\/div><\/div><\/div><\/div><\/div><\/div><\/div><\/section><\/p>","protected":false},"excerpt":{"rendered":"","protected":false},"author":1,"featured_media":0,"parent":0,"menu_order":0,"comment_status":"closed","ping_status":"closed","template":"","meta":{"footnotes":""},"class_list":["post-2018","page","type-page","status-publish","hentry"],"_links":{"self":[{"href":"https:\/\/genart.com.tr\/en\/wp-json\/wp\/v2\/pages\/2018","targetHints":{"allow":["GET"]}}],"collection":[{"href":"https:\/\/genart.com.tr\/en\/wp-json\/wp\/v2\/pages"}],"about":[{"href":"https:\/\/genart.com.tr\/en\/wp-json\/wp\/v2\/types\/page"}],"author":[{"embeddable":true,"href":"https:\/\/genart.com.tr\/en\/wp-json\/wp\/v2\/users\/1"}],"replies":[{"embeddable":true,"href":"https:\/\/genart.com.tr\/en\/wp-json\/wp\/v2\/comments?post=2018"}],"version-history":[{"count":9,"href":"https:\/\/genart.com.tr\/en\/wp-json\/wp\/v2\/pages\/2018\/revisions"}],"predecessor-version":[{"id":2347,"href":"https:\/\/genart.com.tr\/en\/wp-json\/wp\/v2\/pages\/2018\/revisions\/2347"}],"wp:attachment":[{"href":"https:\/\/genart.com.tr\/en\/wp-json\/wp\/v2\/media?parent=2018"}],"curies":[{"name":"wp","href":"https:\/\/api.w.org\/{rel}","templated":true}]}}