{"id":2030,"date":"2024-07-05T13:30:53","date_gmt":"2024-07-05T10:30:53","guid":{"rendered":"https:\/\/genart.bhsc.com.tr\/?page_id=2030"},"modified":"2024-07-16T15:47:34","modified_gmt":"2024-07-16T12:47:34","slug":"aysun-baltaci-2","status":"publish","type":"page","link":"https:\/\/genart.com.tr\/en\/aysun-baltaci-2\/","title":{"rendered":"aysun baltac\u0131"},"content":{"rendered":"<p><section id=\"bt_section69f755dc87a56\"  class=\"boldSection btDivider topSemiSpaced bottomSemiSpaced btDarkSkin gutter inherit wBackground cover\" style=\"background-color:#0cb8b6;background-image:url('https:\/\/genart.com.tr\/wp-content\/uploads\/2015\/12\/bgn-grad.png');\"><div class=\"port\"><div class=\"boldCell\"><div class=\"boldCellInner\"><div class=\"boldRow\" ><div class=\"boldRowInner\"><div class=\"rowItem col-md-4 col-ms-12 btTextRight inherit btNoPadding\"  ><div class=\"rowItemContent\" ><\/div><\/div><div class=\"rowItem col-md-8 col-ms-12 btTextLeft animate animate-fadein animate-moveleft inherit btDoublePadding\"  ><div class=\"rowItemContent\" ><div class=\"btClear btSeparator topExtraSmallSpaced noBorder\" ><hr><\/div><div class=\"btClear btSeparator topExtraSmallSpaced noBorder\" ><hr><\/div><header class=\"header btClear medium  btNormalDash\" ><div class=\"btSuperTitle\">Op.Dr.<\/div><div class=\"dash\"><h3><span class=\"headline\">Aysun Baltaci<\/span><\/h3><\/div><\/header><\/div><\/div><\/div><\/div><\/div><\/div><\/div><\/section><section id=\"bt_section69f755dc88024\"  class=\"boldSection topSemiSpaced bottomSpaced gutter inherit\" style=\"background-color:#f1f1f1;\"><div class=\"port\"><div class=\"boldCell\"><div class=\"boldCellInner\"><div class=\"boldRow\" ><div class=\"boldRowInner\"><div class=\"rowItem col-md-4 col-ms-12 btTextLeft animate animate-fadein animate-moveup btTextIndent inherit\" style=\"margin-top: -180px;\" ><div class=\"rowItemContent\" style = \"background-color:#ffffff;\"><div class=\"bpgPhoto btTextCenter\" ><div class=\"btImage\"><img decoding=\"async\" src=\"https:\/\/genart.com.tr\/wp-content\/uploads\/2024\/07\/Adsiz-tasarim-8-e1721133899595.png\" alt=\"\" title=\"\"><\/div><\/div><div class=\"btIconImageRow btIconsHalfHoverPosition\" ><span class=\"btIco btIcoFilledType btIcoMediumSize btIcoAccentColor  btIcoOutline\" ><a href=\"#\"  target = \"no_target\" data-ico-hp=\"&#xe90f;\" class=\"btIcoHolder\"><em><\/em><\/a><\/span><span class=\"btIco btIcoFilledType btIcoMediumSize btIcoAlterColor  btIcoOutline\" ><a href=\"https:\/\/www.instagram.com\/genarttupbebek\/\"  target = \"no_target\" data-ico-fa=\"&#xf16d;\" class=\"btIcoHolder\"><em><\/em><\/a><\/span><span class=\"btIco btIcoFilledType btIcoMediumSize btIcoAlterColor  btIcoOutline\" ><a href=\"https:\/\/www.linkedin.com\/company\/genarttupbebek\/\"  target = \"no_target\" data-ico-fa=\"&#xf0e1;\" class=\"btIcoHolder\"><em><\/em><\/a><\/span><span class=\"btIco btIcoFilledType btIcoMediumSize btIcoAlterColor  btIcoOutline\" ><a href=\"https:\/\/www.facebook.com\/profile.php?id=100083144149931\"  target = \"no_target\" data-ico-fa=\"&#xf09a;\" class=\"btIcoHolder\"><em><\/em><\/a><\/span><\/div><div class=\"btClear btSeparator topSmallSpaced noBorder\" ><hr><\/div><div class=\"btClear btSeparator topSmallSpaced noBorder\" ><hr><\/div><div class=\"btClear btSeparator bottomSemiSpaced border\" ><hr><\/div><div class=\"btClear btSeparator topExtraSmallSpaced noBorder\" ><hr><\/div><header class=\"header btClear medium  btNormalDash\" ><div class=\"dash\"><h3><span class=\"headline\">\u0130leti\u015fim Bilgileri<\/span><\/h3><\/div><\/header><div class=\"btClear btSeparator topExtraSmallSpaced noBorder\" ><hr><\/div><div class=\"btIconImageRow btIconsNormalPosition\" ><span class=\"btIco btIcoDefaultType btIcoSmallSize btIcoDefaultColor\" ><a href=\"tel:+90%20312%20442%2063%2084\"  target = \"no_target\" data-ico-fa=\"&#xf095;\" class=\"btIcoHolder\"><em><\/em><span class=\"btIcoText\">+90 312 442 63 84<\/span><\/a><\/span><\/div><div class=\"btClear btSeparator topExtraSmallSpaced noBorder\" ><hr><\/div><div class=\"btIconImageRow btIconsNormalPosition\" ><span class=\"btIco btIcoDefaultType btIcoSmallSize btIcoDefaultColor\" ><a href=\"mailto:info@genart.com.tr\"  target = \"no_target\" data-ico-fa=\"&#xf003;\" class=\"btIcoHolder\"><em><\/em><span class=\"btIcoText\">info@genart.com.tr<\/span><\/a><\/span><\/div><div class=\"btClear btSeparator topExtraSmallSpaced noBorder\" ><hr><\/div><div class=\"btClear btSeparator topSemiSpaced noBorder\" ><hr><\/div><\/div><\/div><div class=\"rowItem col-md-8 col-ms-12 btTextLeft animate animate-fadein inherit btDoublePadding\"  ><div class=\"rowItemContent\" ><div class=\"btClear btSeparator bottomSmallSpaced border\" ><hr><\/div><header class=\"header btClear large  btNormalDash\" ><div class=\"btSuperTitle\">Dr. Aysun Baltac\u0131 Gen \u2013 Art T\u00fcp Bebek Merkezi\u2019nin Klinik Direkt\u00f6r\u00fc ve \u00dcYTE \u00dcnite Sorumlusu olarak g\u00f6rev yapmaktad\u0131r.<\/div><\/header><div class=\"btClear btSeparator bottomSmallSpaced border\" ><hr><\/div><div class=\"boldRow boldInnerRow\" ><div class=\"rowItem rowInnerItem col-md-12  btTextLeft\"  ><div class=\"rowItemContent\"><div class=\"btText\" ><\/p>\n<h6>1965 y\u0131l\u0131nda \u0130skenderun\u2019da do\u011fdum. \u0130lk ve orta \u00f6\u011frenimimi Ankara\u2019da tamamlad\u0131ktan sonra 1989 y\u0131l\u0131nda Ankara \u00dcniversitesi T\u0131p Fak\u00fcltesi\u2019nden mezun oldum. 1994 y\u0131l\u0131nda SSK Ankara Do\u011fumevi\u2019nden Kad\u0131n Do\u011fum uzmanl\u0131\u011f\u0131m\u0131 ald\u0131m. (Ama asl\u0131na bakarsan\u0131z, ger\u00e7ekten kad\u0131n do\u011fumcu olmam, bebe\u011fimi kuca\u011f\u0131ma al\u0131p koklad\u0131\u011f\u0131m zamanlara rastlar. \u00c7\u00fcnk\u00fc o zaman annemi, t\u00fcm anneleri ve kad\u0131nlar\u0131 anlad\u0131m). Erzurum\u2019da yapt\u0131\u011f\u0131m zorunlu hizmet sonras\u0131; s\u0131ras\u0131yla Fatih \u00dcniversitesi T\u0131p Fak\u00fcltesi, G\u00f6lba\u015f\u0131 Ana \u00c7ocuk Sa\u011fl\u0131\u011f\u0131 Merkezi ve Med ART T\u0131p Merkezi\u2019nde \u00e7al\u0131\u015ft\u0131m. 2002 y\u0131l\u0131nda Zekai Tahir Burak Do\u011fumevi\u2019nde t\u00fcp bebek e\u011fitimimi tamamlad\u0131m. T\u00fcp bebek ve \u00fcreme t\u0131bb\u0131 konular\u0131nda 2002 y\u0131l\u0131ndan bu yana toplam 22 y\u0131ll\u0131k tecr\u00fcbe ile sizlere hizmet sunmaktay\u0131m.<\/h6>\n<h6>Meleklerin yery\u00fcz\u00fcndeki yans\u0131malar\u0131 oldu\u011funa inand\u0131\u011f\u0131m bebekleri, birka\u00e7 h\u00fccreli embriyo a\u015famas\u0131ndan gebelik, do\u011fum, do\u011fum sonras\u0131 a\u015famalar\u0131na kadar hayranl\u0131kla izlemek\u2026 \u0130\u015fte Gen-Art T\u00fcp Bebek Klini\u011finde \u00e7al\u0131\u015fmak, bu lezzeti her daim tatmak demek benim i\u00e7in.<\/h6>\n<h6>T\u00fcrkiye\u2019nin, hatta d\u00fcnyan\u0131n pek \u00e7ok \u015fehrinde, Gen-Art\u2019\u0131n eli de\u011fmi\u015f sa\u011fl\u0131kl\u0131 bebeklerin varl\u0131\u011f\u0131 bize g\u00fc\u00e7 ve enerji veriyor.<\/h6>\n<h6 class=\"node\"><\/h6>\n<p>\n<\/div><\/div><\/div><\/div><div class=\"btClear btSeparator topSmallSpaced bottomSmallSpaced border\" ><hr><\/div><div class=\"btIconImageRow btTextRight btIconsNormalPosition\" ><span class=\"btIco btIcoOutlineType btIcoSmallSize btIcoDefaultColor\" ><a href=\"https:\/\/www.instagram.com\/dr.sertac_sen\/\"  target = \"no_target\" data-ico-fa=\"&#xf16d;\" class=\"btIcoHolder\"><em><\/em><\/a><\/span><span class=\"btIco btIcoOutlineType btIcoSmallSize btIcoDefaultColor\" ><a href=\"https:\/\/www.linkedin.com\/in\/serta\u00e7-\u015fen-1611a940\/\"  target = \"no_target\" data-ico-fa=\"&#xf0e1;\" class=\"btIcoHolder\"><em><\/em><\/a><\/span><\/div><\/div><\/div><\/div><\/div><\/div><\/div><\/div><\/section><\/p>","protected":false},"excerpt":{"rendered":"","protected":false},"author":1,"featured_media":0,"parent":0,"menu_order":0,"comment_status":"closed","ping_status":"closed","template":"","meta":{"footnotes":""},"class_list":["post-2030","page","type-page","status-publish","hentry"],"_links":{"self":[{"href":"https:\/\/genart.com.tr\/en\/wp-json\/wp\/v2\/pages\/2030","targetHints":{"allow":["GET"]}}],"collection":[{"href":"https:\/\/genart.com.tr\/en\/wp-json\/wp\/v2\/pages"}],"about":[{"href":"https:\/\/genart.com.tr\/en\/wp-json\/wp\/v2\/types\/page"}],"author":[{"embeddable":true,"href":"https:\/\/genart.com.tr\/en\/wp-json\/wp\/v2\/users\/1"}],"replies":[{"embeddable":true,"href":"https:\/\/genart.com.tr\/en\/wp-json\/wp\/v2\/comments?post=2030"}],"version-history":[{"count":7,"href":"https:\/\/genart.com.tr\/en\/wp-json\/wp\/v2\/pages\/2030\/revisions"}],"predecessor-version":[{"id":2399,"href":"https:\/\/genart.com.tr\/en\/wp-json\/wp\/v2\/pages\/2030\/revisions\/2399"}],"wp:attachment":[{"href":"https:\/\/genart.com.tr\/en\/wp-json\/wp\/v2\/media?parent=2030"}],"curies":[{"name":"wp","href":"https:\/\/api.w.org\/{rel}","templated":true}]}}