{"id":2036,"date":"2024-07-05T13:49:18","date_gmt":"2024-07-05T10:49:18","guid":{"rendered":"https:\/\/genart.bhsc.com.tr\/?page_id=2036"},"modified":"2024-07-05T14:13:10","modified_gmt":"2024-07-05T11:13:10","slug":"evrim-unsal","status":"publish","type":"page","link":"https:\/\/genart.com.tr\/en\/evrim-unsal\/","title":{"rendered":"evrim \u00fcnsal"},"content":{"rendered":"<p><section id=\"bt_section69f623265932e\"  class=\"boldSection btDivider topSemiSpaced bottomSemiSpaced btDarkSkin gutter inherit wBackground cover\" style=\"background-color:#0cb8b6;background-image:url('https:\/\/genart.com.tr\/wp-content\/uploads\/2015\/12\/bgn-grad.png');\"><div class=\"port\"><div class=\"boldCell\"><div class=\"boldCellInner\"><div class=\"boldRow\" ><div class=\"boldRowInner\"><div class=\"rowItem col-md-4 col-ms-12 btTextRight inherit btNoPadding\"  ><div class=\"rowItemContent\" ><\/div><\/div><div class=\"rowItem col-md-8 col-ms-12 btTextLeft animate animate-fadein animate-moveleft inherit btDoublePadding\"  ><div class=\"rowItemContent\" ><div class=\"btClear btSeparator topExtraSmallSpaced noBorder\" ><hr><\/div><div class=\"btClear btSeparator topExtraSmallSpaced noBorder\" ><hr><\/div><header class=\"header btClear medium  btNormalDash\" ><div class=\"btSuperTitle\">Prof.Dr.<\/div><div class=\"dash\"><h3><span class=\"headline\">Evrim \u00dcnsal<\/span><\/h3><\/div><\/header><\/div><\/div><\/div><\/div><\/div><\/div><\/div><\/section><section id=\"bt_section69f62326596b6\"  class=\"boldSection topSemiSpaced bottomSpaced gutter inherit\" style=\"background-color:#f1f1f1;\"><div class=\"port\"><div class=\"boldCell\"><div class=\"boldCellInner\"><div class=\"boldRow\" ><div class=\"boldRowInner\"><div class=\"rowItem col-md-4 col-ms-12 btTextLeft animate animate-fadein animate-moveup btTextIndent inherit\" style=\"margin-top: -180px;\" ><div class=\"rowItemContent\" style = \"background-color:#ffffff;\"><div class=\"bpgPhoto btTextCenter\" ><div class=\"btImage\"><img decoding=\"async\" src=\"https:\/\/genart.com.tr\/wp-content\/uploads\/2024\/07\/EVRIM-UNSAL-2-e1719990330315.jpg\" alt=\"\" title=\"\"><\/div><\/div><div class=\"btIconImageRow btIconsHalfHoverPosition\" ><span class=\"btIco btIcoFilledType btIcoMediumSize btIcoAccentColor  btIcoOutline\" ><a href=\"#\"  target = \"no_target\" data-ico-hp=\"&#xe90f;\" class=\"btIcoHolder\"><em><\/em><\/a><\/span><span class=\"btIco btIcoFilledType btIcoMediumSize btIcoAlterColor  btIcoOutline\" ><a href=\"https:\/\/www.instagram.com\/genarttupbebek\/\"  target = \"no_target\" data-ico-fa=\"&#xf16d;\" class=\"btIcoHolder\"><em><\/em><\/a><\/span><span class=\"btIco btIcoFilledType btIcoMediumSize btIcoAlterColor  btIcoOutline\" ><a href=\"https:\/\/www.linkedin.com\/company\/genarttupbebek\/\"  target = \"no_target\" data-ico-fa=\"&#xf0e1;\" class=\"btIcoHolder\"><em><\/em><\/a><\/span><span class=\"btIco btIcoFilledType btIcoMediumSize btIcoAlterColor  btIcoOutline\" ><a href=\"https:\/\/www.facebook.com\/profile.php?id=100083144149931\"  target = \"no_target\" data-ico-fa=\"&#xf09a;\" class=\"btIcoHolder\"><em><\/em><\/a><\/span><\/div><div class=\"btClear btSeparator topSmallSpaced noBorder\" ><hr><\/div><div class=\"btClear btSeparator topSmallSpaced noBorder\" ><hr><\/div><div class=\"btClear btSeparator bottomSemiSpaced border\" ><hr><\/div><div class=\"btClear btSeparator topExtraSmallSpaced noBorder\" ><hr><\/div><header class=\"header btClear medium  btNormalDash\" ><div class=\"dash\"><h3><span class=\"headline\">\u0130leti\u015fim Bilgileri<\/span><\/h3><\/div><\/header><div class=\"btClear btSeparator topExtraSmallSpaced noBorder\" ><hr><\/div><div class=\"btIconImageRow btIconsNormalPosition\" ><span class=\"btIco btIcoDefaultType btIcoSmallSize btIcoDefaultColor\" ><a href=\"tel:+90%20312%20442%2063%2084\"  target = \"no_target\" data-ico-fa=\"&#xf095;\" class=\"btIcoHolder\"><em><\/em><span class=\"btIcoText\">+90 312 442 63 84<\/span><\/a><\/span><\/div><div class=\"btClear btSeparator topExtraSmallSpaced noBorder\" ><hr><\/div><div class=\"btIconImageRow btIconsNormalPosition\" ><span class=\"btIco btIcoDefaultType btIcoSmallSize btIcoDefaultColor\" ><a href=\"mailto:info@genart.com.tr\"  target = \"no_target\" data-ico-fa=\"&#xf003;\" class=\"btIcoHolder\"><em><\/em><span class=\"btIcoText\">info@genart.com.tr<\/span><\/a><\/span><\/div><div class=\"btClear btSeparator topExtraSmallSpaced noBorder\" ><hr><\/div><div class=\"btClear btSeparator topSemiSpaced noBorder\" ><hr><\/div><\/div><\/div><div class=\"rowItem col-md-8 col-ms-12 btTextLeft animate animate-fadein inherit btDoublePadding\"  ><div class=\"rowItemContent\" ><div class=\"btClear btSeparator bottomSmallSpaced border\" ><hr><\/div><header class=\"header btClear large  btNormalDash\" ><div class=\"btSuperTitle\">Klinik Embriyoloji Derne\u011fi Y\u00f6netim Kurulunda 12 y\u0131l g\u00f6rev yapt\u0131 ve bir\u00e7ok uygulamal\u0131 at\u00f6lye \u00e7al\u0131\u015fmas\u0131 ve e\u011fitim program\u0131 d\u00fczenledi. Dr. Evrim \u00dcnsal&#8217;\u0131n uluslararas\u0131 ve ulusal hakemli dergilerde bir\u00e7ok kitap b\u00f6l\u00fcm\u00fc ve yay\u0131n\u0131 bulunmaktad\u0131r.<\/div><\/header><div class=\"btClear btSeparator bottomSmallSpaced border\" ><hr><\/div><div class=\"boldRow boldInnerRow\" ><div class=\"rowItem rowInnerItem col-md-12  btTextLeft\"  ><div class=\"rowItemContent\"><div class=\"btText\" ><\/p>\n<p>Do\u00e7. Dr. Evrim \u00dcnsal, 1975 Kayseri do\u011fumludur. 1997 y\u0131l\u0131nda Ankara \u00dcniversitesi Fen Fak\u00fcltesi Biyoloji B\u00f6l\u00fcm\u00fc&#8217;nden mezun olmu\u015ftur. 1998-2000 y\u0131llar\u0131 aras\u0131nda Gazi \u00dcniversitesi T\u0131p Fak\u00fcltesi Histoloji Embriyoloji Anabilim Dal\u0131\u2019nda Y\u00fcksek Lisans, 2007 y\u0131l\u0131nda Ankara \u00dcniversitesi Biyoteknoloji Enstit\u00fcs\u00fc\u2019nden Doktora program\u0131n\u0131 tamamlam\u0131\u015ft\u0131r. 2000-2001 y\u0131llar\u0131 aras\u0131nda Ankara \u00dcniversitesi T\u0131p Fak\u00fcltesi\u2019nden Embriyoloji Laboratuvar\u0131\u2019nda \u00e7al\u0131\u015fma yeterlili\u011fi ve 2006 y\u0131l\u0131nda mikroenjeksiyon sertifikalar\u0131n\u0131 alm\u0131\u015ft\u0131r. \u0130stanbul Bilim \u00dcniversitesi Histoloji Embriyoloji Anabilim Dal\u0131\u2019nda Yard\u0131mc\u0131 Do\u00e7ent \u00fcnvan\u0131n\u0131 alm\u0131\u015f olup (2011-2015), Yeni Y\u00fczy\u0131l \u00dcn\u0131versitesi\/T\u0131p Fak\u00fcltesi T\u0131bbiB\u0131yoloji ve Genetik Anabilim Dal\u0131\u2019nda \u00f6\u011fretim \u00fcyesi olarak g\u00f6rev alm\u0131\u015ft\u0131r (2015-2018). 2018 y\u0131l\u0131nda \u201cDo\u00e7entlik\u201d\u00fcnvan\u0131n\u0131 alm\u0131\u015f olup ayn\u0131 y\u0131l ba\u015flam\u0131\u015f oldu\u011fu Y\u00fcksek \u0130htisas \u00dcniversitesi T\u0131p Fak\u00fcltesi T\u0131bbi Genetik Anabilim Dal\u0131\u2019nda \u00f6\u011fretim \u00fcyesi olarak g\u00f6rev yapmaktad\u0131r.<\/p>\n<p>\n<\/div><\/div><\/div><\/div><\/div><\/div><\/div><\/div><\/div><\/div><\/div><\/section><\/p>","protected":false},"excerpt":{"rendered":"","protected":false},"author":1,"featured_media":0,"parent":0,"menu_order":0,"comment_status":"closed","ping_status":"closed","template":"","meta":{"footnotes":""},"class_list":["post-2036","page","type-page","status-publish","hentry"],"_links":{"self":[{"href":"https:\/\/genart.com.tr\/en\/wp-json\/wp\/v2\/pages\/2036","targetHints":{"allow":["GET"]}}],"collection":[{"href":"https:\/\/genart.com.tr\/en\/wp-json\/wp\/v2\/pages"}],"about":[{"href":"https:\/\/genart.com.tr\/en\/wp-json\/wp\/v2\/types\/page"}],"author":[{"embeddable":true,"href":"https:\/\/genart.com.tr\/en\/wp-json\/wp\/v2\/users\/1"}],"replies":[{"embeddable":true,"href":"https:\/\/genart.com.tr\/en\/wp-json\/wp\/v2\/comments?post=2036"}],"version-history":[{"count":2,"href":"https:\/\/genart.com.tr\/en\/wp-json\/wp\/v2\/pages\/2036\/revisions"}],"predecessor-version":[{"id":2038,"href":"https:\/\/genart.com.tr\/en\/wp-json\/wp\/v2\/pages\/2036\/revisions\/2038"}],"wp:attachment":[{"href":"https:\/\/genart.com.tr\/en\/wp-json\/wp\/v2\/media?parent=2036"}],"curies":[{"name":"wp","href":"https:\/\/api.w.org\/{rel}","templated":true}]}}