{"id":2052,"date":"2024-07-05T14:49:51","date_gmt":"2024-07-05T11:49:51","guid":{"rendered":"https:\/\/genart.bhsc.com.tr\/?page_id=2052"},"modified":"2024-07-05T14:49:51","modified_gmt":"2024-07-05T11:49:51","slug":"kvkk-2","status":"publish","type":"page","link":"https:\/\/genart.com.tr\/en\/kvkk-2\/","title":{"rendered":"PDPA"},"content":{"rendered":"<section id=\"bt_section69f755db5e94d\"  class=\"boldSection gutter\" ><div class=\"port\"><div class=\"boldCell\"><div class=\"boldCellInner\"><div class=\"boldRow\" ><div class=\"boldRowInner\"><div class=\"rowItem col-md-12 col-ms-12  btTextLeft\"  ><div class=\"rowItemContent\" ><div class=\"btText\" ><\/p>\n<h6><\/h6>\n<h6 align=\"center\"><strong>WEB S\u0130TES\u0130 \u00dcYE AYDINLATMA METN\u0130<\/strong><\/h6>\n<h6>Sitemize \u00fcye olmak isteyen de\u011ferli ki\u015filer, \u201cVeri Sorumlusu\u201d, \u201cVeri \u0130\u015fleyen\u201d s\u0131fat\u0131na haiz olan Gensa Genel Sa\u011fl\u0131k Hizmetleri San. ve Tic. A.\u015e olarak \u201cKi\u015fisel Verilerin Korunmas\u0131 Kanununun 10. maddesi do\u011frultusunda ilgili \u201cAyd\u0131nlatma Metni\u201d haz\u0131rlanm\u0131\u015ft\u0131r. f<\/h6>\n<h6>Haiz oldu\u011fu bu s\u0131fat ile, ki\u015fisel bilgileri, yasal d\u00fczenlemelerde g\u00f6sterildi\u011fi \u00fczere toplayabilecek, kaydedebilecek, depolayabilecek, muhafaza edebilecek, g\u00fcncelleyebilecek ve mevzuat izin verdi\u011fi takdir ve \u00f6l\u00e7\u00fcs\u00fcnde, 3. ki\u015filere aktarabilecektir.<\/h6>\n<h6>Ki\u015fisel verileriniz sizlerden,\u00a0<strong>web \u00fczerinden<\/strong>; eri\u015fim yetkilerinin y\u00fcr\u00fct\u00fclmesi, faaliyetlerin mevzuata uygun y\u00fcr\u00fct\u00fclmesi, ileti\u015fim faaliyetlerinin y\u00fcr\u00fct\u00fclmesi, i\u015f faaliyetlerinin y\u00fcr\u00fct\u00fclmesi \/\u00a0 denetimi, m\u00fc\u015fteri ili\u015fkileri y\u00f6netimi s\u00fcre\u00e7lerinin y\u00fcr\u00fct\u00fclmesi, m\u00fc\u015fteri memnuniyetine y\u00f6nelik aktivitelerin y\u00fcr\u00fct\u00fclmesi, pazarlama analiz \u00e7al\u0131\u015fmalar\u0131n\u0131n y\u00fcr\u00fct\u00fclmesi, y\u00f6netim faaliyetlerinin y\u00fcr\u00fct\u00fclmesi,\u00a0<strong>ama\u00e7lar\u0131yla<\/strong>\u00a0temin edilmekte ve \u00fcyelik devam etti\u011fi s\u00fcrece ve mevzuat\u0131n \u00f6ng\u00f6rd\u00fc\u011f\u00fc s\u00fcrelere uygun olarak hem dijital hem de fiziki ortamda g\u00fcvenli bir \u015fekilde saklan\u0131lmaktad\u0131r. S\u00f6z konusu ki\u015fisel verileriniz \u201cveri sorumlusunun hukuki y\u00fck\u00fcml\u00fcl\u00fc\u011f\u00fcn\u00fc yerine getirebilmesi i\u00e7in zorunlu olmas\u0131\u201d, \u201cbir s\u00f6zle\u015fmenin kurulmas\u0131 veya ifas\u0131yla do\u011frudan do\u011fruya ilgili olmas\u0131 kayd\u0131yla, s\u00f6zle\u015fmenin taraflar\u0131na ait ki\u015fisel verilerin i\u015flenmesinin gerekli olmas\u0131\u201d, \u201cilgili ki\u015finin temel hak ve \u00f6zg\u00fcrl\u00fcklerine zarar vermemek kayd\u0131yla, veri sorumlusunun me\u015fru menfaatleri i\u00e7in veri i\u015flenmesinin zorunlu olmas\u0131\u201d ve \u201cbir hakk\u0131n tesisi, kullan\u0131lmas\u0131 veya korunmas\u0131 i\u00e7in veri i\u015flemenin zorunlu olmas\u0131\u201d, hukuki sebebine dayanarak i\u015flenmektedir.<\/h6>\n<h6>Bu kapsamda i\u015flenen ki\u015fisel verileriniz ve kategorileri a\u015fa\u011f\u0131daki tabloda yer almaktad\u0131r.<a title=\"\" href=\"https:\/\/genart.com.tr\/en\/webkontrol\/ckeditor\/#_ftn1\" name=\"_ftnref1\">[1]<\/a><\/h6>\n<h6><strong>Veri Sorumlusu:\u00a0<\/strong>Gensa Genel Sa\u011fl\u0131k Hizmetleri San. ve Tic. A.\u015e<\/h6>\n<table border=\"1\" width=\"604\" cellspacing=\"0\" cellpadding=\"0\">\n<tbody>\n<tr>\n<td>\n<h6 align=\"center\"><strong>Al\u0131nan Veriler<\/strong><\/h6>\n<\/td>\n<td>\n<h6 align=\"center\"><strong>Veri Kategorisi<\/strong><\/h6>\n<\/td>\n<\/tr>\n<tr>\n<td>\n<h6><strong>Ad, Soyad<\/strong><\/h6>\n<\/td>\n<td>\n<h6>Kimlik<\/h6>\n<\/td>\n<\/tr>\n<tr>\n<td>\n<h6><strong>Mail Adresi, Telefon No,<\/strong><\/h6>\n<\/td>\n<td>\n<h6>Contact<\/h6>\n<\/td>\n<\/tr>\n<\/tbody>\n<\/table>\n<h6><\/h6>\n<h6>KVKK m.11 uyar\u0131nca a\u015fa\u011f\u0131da belirtilmi\u015f olan haklar\u0131n\u0131za binaen taleplerinizi \u201cGensa Ba\u015fvuru Formu\u2019nu\u201d doldurmak suretiyle info@genart.com.tr adresi \u00fczerinden bize iletebilirsiniz. Taleplerinizi m\u00fcmk\u00fcn olan en k\u0131sa s\u00fcrede de\u011ferlendirecek ve en ge\u00e7 30 g\u00fcn i\u00e7inde \u00fccretsiz olarak sonu\u00e7land\u0131raca\u011f\u0131z.<\/h6>\n<h6>KVKK m.11 \u00e7er\u00e7evesinde s\u0131ralanm\u0131\u015f olan haklar\u0131n\u0131z;<\/h6>\n<h6>\u00b7\u00a0\u00a0\u00a0\u00a0\u00a0\u00a0\u00a0\u00a0 Ki\u015fisel verileri i\u015flenmi\u015fse buna ili\u015fkin bilgi talep etme,<\/h6>\n<h6>\u00b7\u00a0\u00a0\u00a0\u00a0\u00a0\u00a0\u00a0\u00a0 Ki\u015fisel verilerin i\u015flenme amac\u0131n\u0131 ve bunlar\u0131n amac\u0131na uygun kullan\u0131l\u0131p kullan\u0131lmad\u0131\u011f\u0131n\u0131 \u00f6\u011frenme,<\/h6>\n<h6>\u00b7\u00a0\u00a0\u00a0\u00a0\u00a0\u00a0\u00a0\u00a0 Yurt i\u00e7inde veya yurt d\u0131\u015f\u0131nda ki\u015fisel verilerin aktar\u0131ld\u0131\u011f\u0131 \u00fc\u00e7\u00fcnc\u00fc ki\u015fileri bilme,<\/h6>\n<h6>\u00b7\u00a0\u00a0\u00a0\u00a0\u00a0\u00a0\u00a0\u00a0 Ki\u015fisel verilerin eksik veya yanl\u0131\u015f i\u015flenmi\u015f olmas\u0131 halinde bunlar\u0131n d\u00fczeltilmesini isteme,<\/h6>\n<h6>\u00b7\u00a0\u00a0\u00a0\u00a0\u00a0\u00a0\u00a0\u00a0 \u015eartlar\u0131n olu\u015fmas\u0131 halinde, ki\u015fisel verilerin silinmesi veya yok edilmesi,<\/h6>\n<h6>\u00b7\u00a0\u00a0\u00a0\u00a0\u00a0\u00a0\u00a0\u00a0 7 nci maddede \u00f6ng\u00f6r\u00fclen \u015fartlar \u00e7er\u00e7evesinde ki\u015fisel verilerin silinmesini veya yok edilmesini isteme,<\/h6>\n<h6>\u00b7\u00a0\u00a0\u00a0\u00a0\u00a0\u00a0\u00a0\u00a0 (d) ve (e) bentleri uyar\u0131nca yap\u0131lan i\u015flemlerin, ki\u015fisel verilerin aktar\u0131ld\u0131\u011f\u0131 \u00fc\u00e7\u00fcnc\u00fc ki\u015filere bildirilmesini isteme,<\/h6>\n<h6>\u00b7\u00a0\u00a0\u00a0\u00a0\u00a0\u00a0\u00a0\u00a0 \u0130\u015flenen verilerin m\u00fcnhas\u0131ran otomatik sistemler vas\u0131tas\u0131yla analiz edilmesi suretiyle ki\u015finin kendisi aleyhine bir sonucun ortaya \u00e7\u0131kmas\u0131na itiraz etme,<\/h6>\n<h6>\u00b7\u00a0\u00a0\u00a0\u00a0\u00a0\u00a0\u00a0\u00a0 Ki\u015fisel verilerin kanuna ayk\u0131r\u0131 olarak i\u015flenmesi sebebiyle zarara u\u011framas\u0131 h\u00e2linde zarar\u0131n giderilmesini talep etme,<\/h6>\n<h6><\/h6>\n<div>\n<hr align=\"left\" size=\"1\" width=\"33%\" \/>\n<div id=\"ftn1\">\n<h6><a title=\"\" href=\"https:\/\/genart.com.tr\/en\/webkontrol\/ckeditor\/#_ftnref1\" name=\"_ftn1\">[1]<\/a>\u00a0Ki\u015fisel bilgilerinizde herhangi bir de\u011fi\u015fiklik oldu\u011funda, bize bildirmedi\u011finiz takdirde en son bilgileriniz esas al\u0131nacakt\u0131r.<\/h6>\n<\/div>\n<p>&nbsp;<\/p>\n<\/div>\n<p>\n<\/div><\/div><\/div><\/div><\/div><\/div><\/div><\/div><\/section>","protected":false},"excerpt":{"rendered":"","protected":false},"author":1,"featured_media":0,"parent":0,"menu_order":0,"comment_status":"closed","ping_status":"closed","template":"","meta":{"footnotes":""},"class_list":["post-2052","page","type-page","status-publish","hentry"],"_links":{"self":[{"href":"https:\/\/genart.com.tr\/en\/wp-json\/wp\/v2\/pages\/2052","targetHints":{"allow":["GET"]}}],"collection":[{"href":"https:\/\/genart.com.tr\/en\/wp-json\/wp\/v2\/pages"}],"about":[{"href":"https:\/\/genart.com.tr\/en\/wp-json\/wp\/v2\/types\/page"}],"author":[{"embeddable":true,"href":"https:\/\/genart.com.tr\/en\/wp-json\/wp\/v2\/users\/1"}],"replies":[{"embeddable":true,"href":"https:\/\/genart.com.tr\/en\/wp-json\/wp\/v2\/comments?post=2052"}],"version-history":[{"count":2,"href":"https:\/\/genart.com.tr\/en\/wp-json\/wp\/v2\/pages\/2052\/revisions"}],"predecessor-version":[{"id":2054,"href":"https:\/\/genart.com.tr\/en\/wp-json\/wp\/v2\/pages\/2052\/revisions\/2054"}],"wp:attachment":[{"href":"https:\/\/genart.com.tr\/en\/wp-json\/wp\/v2\/media?parent=2052"}],"curies":[{"name":"wp","href":"https:\/\/api.w.org\/{rel}","templated":true}]}}