{"id":2245,"date":"2024-07-10T09:48:06","date_gmt":"2024-07-10T06:48:06","guid":{"rendered":"http:\/\/genart.bhsc.com.tr\/?page_id=2245"},"modified":"2024-08-01T12:23:22","modified_gmt":"2024-08-01T09:23:22","slug":"biz-kimiz","status":"publish","type":"page","link":"https:\/\/genart.com.tr\/en\/biz-kimiz\/","title":{"rendered":"Who Are We?"},"content":{"rendered":"<p><section id=\"bt_section69f755dd30c16\"  class=\"boldSection gutter fullScreenHeight btMiddleVertical\" ><div class=\"port\"><div class=\"boldCell\"><div class=\"boldCellInner\"><div class=\"boldRow\" ><div class=\"boldRowInner\"><div class=\"rowItem col-md-12 col-ms-12  btTextCenter animate animate-fadein animate-moveright btMiddleVertical\"  ><div class=\"rowItemContent\" ><div class=\"btClear btSeparator topSmallSpaced noBorder\" ><hr><\/div><div class=\"btText\" ><\/p>\n<p style=\"text-align: left;\">\n<p>\n<\/div><div class=\"btClear btSeparator bottomSemiSpaced noBorder\" ><hr><\/div><\/div><\/div><\/div><\/div><\/div><\/div><\/div><\/section><section id=\"bt_section69f755dd31241\"  class=\"boldSection gutter\" ><div class=\"port\"><div class=\"boldCell\"><div class=\"boldCellInner\"><div class=\"boldRow\" ><div class=\"boldRowInner\"><div class=\"rowItem col-md-12 col-ms-12  btTextLeft\"  ><div class=\"rowItemContent\" ><div class=\"btClear btSeparator topSmallSpaced noBorder\" ><hr><\/div><div class=\"btText\" ><\/p>\n<h6><\/h6>\n<h6><\/h6>\n<h6>Gen-Art Women's Health IVF and Reproductive Biotechnology Center was founded in Ankara in 2002 by Prof. Dr. Volkan Baltac\u0131. Prof. Dr. \u00d6zlem Evliyao\u011flu, Op. Dr. Aysun Baltac\u0131, and Op. Dr. Serta\u00e7 \u015een are our physicians specializing in gynecology and obstetrics. Additionally, Dr. Mehmet Giray \u00d6z\u00e7am is an anesthesiologist and Dr. \u00d6zer Ural \u00c7ak\u0131c\u0131 is a urologist. Our embryology laboratory also has five specialized embryologists.<\/h6>\n<h6>Since its establishment, the mission of our center, which is the only IVF clinic with biotechnology in its name, has been to prioritize human health and apply technological and scientific developments in a timely manner.<\/h6>\n<h6>Gen-Art Women's Health and IVF Center is a clinic that provides comprehensive services in infertility and reproductive biotechnology, focuses on patient satisfaction, is reliable, keeps up with biotechnological developments, and aims to contribute to global science and generate knowledge.<\/h6>\n<h6>Our philosophy is to develop customized treatment plans for patients seeking infertility treatment in a fast, effective, economical, and safe manner.<\/h6>\n<h6>Our center is equipped with state-of-the-art embryology, andrology, cytogenetics, and molecular genetics laboratories.<\/h6>\n<h6>Our center, which performs preimplantation genetic testing (PGT) and has proven experience in this field, provides services not only to couples with infertility problems but also to couples who have difficulty conceiving healthy children.<\/h6>\n<h6>We help couples who are carriers of any single gene, such as SMA, thalassemia, cystic fibrosis, autism spectrum disorders, and metabolic genetic disorders, to have healthy children through preimplantation genetic diagnosis.<\/h6>\n<h6>For patients who have undergone numerous trials in the past, our council will determine a personalized roadmap for you.<\/h6>\n<h6>For families with genetically diseased children, our comprehensive screening panels for related couples offer hope through diagnosis and PGT-M applications.<\/h6>\n<h6>Our center provides services with protocols that minimize the time our patients living abroad spend undergoing treatment. Our doctors manage ovulation treatment remotely for these patients, and you only need to stay here for a few days for the procedure.<\/h6>\n<h6>Aware that medical success cannot be achieved solely by using drugs and devices correctly, the Gen-Art team is as close to you as a friend before and after treatment, and as respectful of your privacy as a member of your family.<\/h6>\n<h6>Our Gen-Art IVF center performed its first PGT application for SMA disease in 2007. On that day, our couple, who had lost four babies to this disease, welcomed their fifth child into their arms in good health. We wish our daughter, who is now 17 years old, a lifetime of health and happiness.<br \/>\n<strong><em><br \/>\nThe address where IVF and genetics meet...<\/em><\/strong><\/h6>\n<h6><\/h6>\n<h6><\/h6>\n<p>\n<\/div><div class=\"btClear btSeparator topSpaced noBorder\" ><hr><\/div><\/div><\/div><\/div><\/div><\/div><\/div><\/div><\/section><\/p>","protected":false},"excerpt":{"rendered":"","protected":false},"author":1,"featured_media":0,"parent":0,"menu_order":0,"comment_status":"closed","ping_status":"closed","template":"","meta":{"footnotes":""},"class_list":["post-2245","page","type-page","status-publish","hentry"],"_links":{"self":[{"href":"https:\/\/genart.com.tr\/en\/wp-json\/wp\/v2\/pages\/2245","targetHints":{"allow":["GET"]}}],"collection":[{"href":"https:\/\/genart.com.tr\/en\/wp-json\/wp\/v2\/pages"}],"about":[{"href":"https:\/\/genart.com.tr\/en\/wp-json\/wp\/v2\/types\/page"}],"author":[{"embeddable":true,"href":"https:\/\/genart.com.tr\/en\/wp-json\/wp\/v2\/users\/1"}],"replies":[{"embeddable":true,"href":"https:\/\/genart.com.tr\/en\/wp-json\/wp\/v2\/comments?post=2245"}],"version-history":[{"count":13,"href":"https:\/\/genart.com.tr\/en\/wp-json\/wp\/v2\/pages\/2245\/revisions"}],"predecessor-version":[{"id":2591,"href":"https:\/\/genart.com.tr\/en\/wp-json\/wp\/v2\/pages\/2245\/revisions\/2591"}],"wp:attachment":[{"href":"https:\/\/genart.com.tr\/en\/wp-json\/wp\/v2\/media?parent=2245"}],"curies":[{"name":"wp","href":"https:\/\/api.w.org\/{rel}","templated":true}]}}