{"id":2352,"date":"2024-07-16T13:01:43","date_gmt":"2024-07-16T10:01:43","guid":{"rendered":"https:\/\/genart.bhsc.com.tr\/?page_id=2352"},"modified":"2024-07-16T13:03:37","modified_gmt":"2024-07-16T10:03:37","slug":"mehmet-ozcam","status":"publish","type":"page","link":"https:\/\/genart.com.tr\/en\/mehmet-ozcam\/","title":{"rendered":"mehmet \u00f6z\u00e7am"},"content":{"rendered":"<p><section id=\"bt_section69f7561fbedca\"  class=\"boldSection btDivider topSemiSpaced bottomSemiSpaced btDarkSkin gutter inherit wBackground cover\" style=\"background-color:#0cb8b6;background-image:url('https:\/\/genart.com.tr\/wp-content\/uploads\/2015\/12\/bgn-grad.png');\"><div class=\"port\"><div class=\"boldCell\"><div class=\"boldCellInner\"><div class=\"boldRow\" ><div class=\"boldRowInner\"><div class=\"rowItem col-md-4 col-ms-12 btTextRight inherit btNoPadding\"  ><div class=\"rowItemContent\" ><\/div><\/div><div class=\"rowItem col-md-8 col-ms-12 btTextLeft animate animate-fadein animate-moveleft inherit btDoublePadding\"  ><div class=\"rowItemContent\" ><div class=\"btClear btSeparator topExtraSmallSpaced noBorder\" ><hr><\/div><div class=\"btClear btSeparator topExtraSmallSpaced noBorder\" ><hr><\/div><header class=\"header btClear medium  btNormalDash\" ><div class=\"btSuperTitle\">Specialist Dr.<\/div><div class=\"dash\"><h3><span class=\"headline\">Mehmet Giray Ozcam<\/span><\/h3><\/div><\/header><\/div><\/div><\/div><\/div><\/div><\/div><\/div><\/section><section id=\"bt_section69f7561fbf298\"  class=\"boldSection topSemiSpaced bottomSpaced gutter inherit\" style=\"background-color:#f1f1f1;\"><div class=\"port\"><div class=\"boldCell\"><div class=\"boldCellInner\"><div class=\"boldRow\" ><div class=\"boldRowInner\"><div class=\"rowItem col-md-4 col-ms-12 btTextLeft animate animate-fadein animate-moveup btTextIndent inherit\" style=\"margin-top: -180px;\" ><div class=\"rowItemContent\" style = \"background-color:#ffffff;\"><div class=\"bpgPhoto btTextCenter\" ><div class=\"btImage\"><img decoding=\"async\" src=\"https:\/\/genart.com.tr\/wp-content\/uploads\/2024\/07\/DR-GIRAY-BEY-e1721123953425.jpg\" alt=\"\" title=\"\"><\/div><\/div><div class=\"btIconImageRow btIconsHalfHoverPosition\" ><span class=\"btIco btIcoFilledType btIcoMediumSize btIcoAccentColor  btIcoOutline\" ><a href=\"#\"  target = \"no_target\" data-ico-hp=\"&#xe90f;\" class=\"btIcoHolder\"><em><\/em><\/a><\/span><span class=\"btIco btIcoFilledType btIcoMediumSize btIcoAlterColor  btIcoOutline\" ><a href=\"https:\/\/www.instagram.com\/genarttupbebek\/\"  target = \"no_target\" data-ico-fa=\"&#xf16d;\" class=\"btIcoHolder\"><em><\/em><\/a><\/span><span class=\"btIco btIcoFilledType btIcoMediumSize btIcoAlterColor  btIcoOutline\" ><a href=\"https:\/\/www.linkedin.com\/company\/genarttupbebek\/\"  target = \"no_target\" data-ico-fa=\"&#xf0e1;\" class=\"btIcoHolder\"><em><\/em><\/a><\/span><span class=\"btIco btIcoFilledType btIcoMediumSize btIcoAlterColor  btIcoOutline\" ><a href=\"https:\/\/www.facebook.com\/profile.php?id=100083144149931\"  target = \"no_target\" data-ico-fa=\"&#xf09a;\" class=\"btIcoHolder\"><em><\/em><\/a><\/span><\/div><div class=\"btClear btSeparator topSmallSpaced noBorder\" ><hr><\/div><div class=\"btClear btSeparator topSmallSpaced noBorder\" ><hr><\/div><div class=\"btClear btSeparator bottomSemiSpaced border\" ><hr><\/div><div class=\"btClear btSeparator topExtraSmallSpaced noBorder\" ><hr><\/div><header class=\"header btClear medium  btNormalDash\" ><div class=\"dash\"><h3><span class=\"headline\">\u0130leti\u015fim Bilgileri<\/span><\/h3><\/div><\/header><div class=\"btClear btSeparator topExtraSmallSpaced noBorder\" ><hr><\/div><div class=\"btIconImageRow btIconsNormalPosition\" ><span class=\"btIco btIcoDefaultType btIcoSmallSize btIcoDefaultColor\" ><a href=\"tel:+90%20312%20442%2063%2084\"  target = \"no_target\" data-ico-fa=\"&#xf095;\" class=\"btIcoHolder\"><em><\/em><span class=\"btIcoText\">+90 312 442 63 84<\/span><\/a><\/span><\/div><div class=\"btClear btSeparator topExtraSmallSpaced noBorder\" ><hr><\/div><div class=\"btIconImageRow btIconsNormalPosition\" ><span class=\"btIco btIcoDefaultType btIcoSmallSize btIcoDefaultColor\" ><a href=\"mailto:info@genart.com.tr\"  target = \"no_target\" data-ico-fa=\"&#xf003;\" class=\"btIcoHolder\"><em><\/em><span class=\"btIcoText\">info@genart.com.tr<\/span><\/a><\/span><\/div><div class=\"btClear btSeparator topExtraSmallSpaced noBorder\" ><hr><\/div><div class=\"btClear btSeparator topSemiSpaced noBorder\" ><hr><\/div><\/div><\/div><div class=\"rowItem col-md-8 col-ms-12 btTextLeft animate animate-fadein inherit btDoublePadding\"  ><div class=\"rowItemContent\" ><div class=\"btClear btSeparator bottomSmallSpaced border\" ><hr><\/div><header class=\"header btClear large  btNormalDash\" ><\/header><div class=\"btClear btSeparator bottomSmallSpaced border\" ><hr><\/div><div class=\"boldRow boldInnerRow\" ><div class=\"rowItem rowInnerItem col-md-12  btTextLeft\"  ><div class=\"rowItemContent\"><div class=\"btText\" ><\/p>\n<h6>Mehmet Giray \u00d6z\u00e7am 1978 y\u0131l\u0131nda Galatasaray Lisesi\u2019nden mezun olmu\u015ftur. Lisans e\u011fitimini Ankara \u00dcniversitesi T\u0131p Fak\u00fcltesi\u2019nde 1984 y\u0131l\u0131nda tamamlam\u0131\u015ft\u0131r. 1987 ile 1992 y\u0131llar\u0131 aras\u0131nda T\u00fcrkiye Y\u00fcksek \u0130htisas Hastanesi\u2019nde Anestezi ve Reanimasyon dal\u0131nda uzmanl\u0131k e\u011fitimini alm\u0131\u015ft\u0131r. 2013-2024 y\u0131llar\u0131 aras\u0131nda; \u00c7ankaya Koru Hastanesi, L\u00f6stante \u00c7ocuk ve Eri\u015fkin Hastanesi, Medisun Hastanesi gibi kurumlarda Genel Yo\u011fun Bak\u0131m \u00dcnitesi Sorumlu Hekimi ve Anestesi ve Reanimasyon Yo\u011fun Bak\u0131m Sorumlu Hekimi gibi g\u00f6revlerde \u00e7al\u0131\u015fm\u0131\u015ft\u0131r.<br \/>\nHalen Gen-Art T\u00fcp Bebek Merkezi\u2019nde anestezi uzman\u0131 olarak \u00e7al\u0131\u015fmaktad\u0131r.<\/h6>\n<p>\n<\/div><\/div><\/div><\/div><div class=\"btClear btSeparator topSmallSpaced bottomSmallSpaced border\" ><hr><\/div><div class=\"btIconImageRow btTextRight btIconsNormalPosition\" ><span class=\"btIco btIcoOutlineType btIcoSmallSize btIcoDefaultColor\" ><a href=\"https:\/\/www.instagram.com\/dr.sertac_sen\/\"  target = \"no_target\" data-ico-fa=\"&#xf16d;\" class=\"btIcoHolder\"><em><\/em><\/a><\/span><span class=\"btIco btIcoOutlineType btIcoSmallSize btIcoDefaultColor\" ><a href=\"https:\/\/www.linkedin.com\/in\/serta\u00e7-\u015fen-1611a940\/\"  target = \"no_target\" data-ico-fa=\"&#xf0e1;\" class=\"btIcoHolder\"><em><\/em><\/a><\/span><\/div><\/div><\/div><\/div><\/div><\/div><\/div><\/div><\/section><\/p>","protected":false},"excerpt":{"rendered":"","protected":false},"author":1,"featured_media":0,"parent":0,"menu_order":0,"comment_status":"closed","ping_status":"closed","template":"","meta":{"footnotes":""},"class_list":["post-2352","page","type-page","status-publish","hentry"],"_links":{"self":[{"href":"https:\/\/genart.com.tr\/en\/wp-json\/wp\/v2\/pages\/2352","targetHints":{"allow":["GET"]}}],"collection":[{"href":"https:\/\/genart.com.tr\/en\/wp-json\/wp\/v2\/pages"}],"about":[{"href":"https:\/\/genart.com.tr\/en\/wp-json\/wp\/v2\/types\/page"}],"author":[{"embeddable":true,"href":"https:\/\/genart.com.tr\/en\/wp-json\/wp\/v2\/users\/1"}],"replies":[{"embeddable":true,"href":"https:\/\/genart.com.tr\/en\/wp-json\/wp\/v2\/comments?post=2352"}],"version-history":[{"count":3,"href":"https:\/\/genart.com.tr\/en\/wp-json\/wp\/v2\/pages\/2352\/revisions"}],"predecessor-version":[{"id":2357,"href":"https:\/\/genart.com.tr\/en\/wp-json\/wp\/v2\/pages\/2352\/revisions\/2357"}],"wp:attachment":[{"href":"https:\/\/genart.com.tr\/en\/wp-json\/wp\/v2\/media?parent=2352"}],"curies":[{"name":"wp","href":"https:\/\/api.w.org\/{rel}","templated":true}]}}