{"id":296,"date":"2015-12-02T09:19:25","date_gmt":"2015-12-02T09:19:25","guid":{"rendered":"http:\/\/medical.bold-themes.com\/clinic\/?page_id=296"},"modified":"2024-07-03T16:57:02","modified_gmt":"2024-07-03T13:57:02","slug":"working-hours","status":"publish","type":"page","link":"https:\/\/genart.com.tr\/en\/about-us\/working-hours\/","title":{"rendered":"Working hours"},"content":{"rendered":"<p><section id=\"bt_section69f3300e949e8\"  class=\"boldSection btDivider topSemiSpaced bottomSemiSpaced btDarkSkin gutter inherit wBackground cover\" style=\"background-color:#0cb8b6;background-image:url('https:\/\/genart.com.tr\/wp-content\/uploads\/2015\/12\/bgn-grad.png');\"><div class=\"port\"><div class=\"boldCell\"><div class=\"boldCellInner\"><div class=\"boldRow\" ><div class=\"boldRowInner\"><div class=\"rowItem col-md-12 col-ms-12  btTextLeft animate animate-fadein animate-moveleft inherit\"  ><div class=\"rowItemContent\" ><div class=\"btClear btSeparator topExtraSmallSpaced noBorder\" ><hr><\/div><div class=\"btClear btSeparator topExtraSmallSpaced noBorder\" ><hr><\/div><header class=\"header btClear medium  btNormalDash\" ><div class=\"dash\"><h3><span class=\"headline\">WORKING HOURS<\/span><\/h3><\/div><\/header><\/div><\/div><\/div><\/div><\/div><\/div><\/div><\/section><section id=\"bt_section69f3300e951d6\"  class=\"boldSection topSpaced bottomSpaced gutter btMiddleVertical\" ><div class=\"port\"><div class=\"boldCell\"><div class=\"boldCellInner\"><div class=\"boldRow\" ><div class=\"boldRowInner\"><div class=\"rowItem col-md-8 col-ms-12 btTextLeft animate animate-fadein animate-moveright btTopVertical\"  ><div class=\"rowItemContent\" ><header class=\"header btClear large  btNormalDash\" ><div class=\"btSuperTitle\">Bize ihtiya\u00e7 duydu\u011funuzda, tercih etti\u011finiz zamanda yan\u0131n\u0131zda olmaya \u00e7al\u0131\u015f\u0131yoruz. Stressiz bir ziyaret sa\u011flamak i\u00e7in bu birka\u00e7 ad\u0131m\u0131 uygulaman\u0131z yeterlidir.<\/div><\/header><div class=\"btClear btSeparator bottomSmallSpaced border\" ><hr><\/div><div class=\"btClear btSeparator topSmallSpaced bottomSmallSpaced border\" ><hr><\/div><header class=\"header btClear medium  btNormalDash\" ><div class=\"dash\"><h3><span class=\"headline\">HATIRLANMASI GEREKENLER<\/span><\/h3><\/div><\/header><div class=\"btClear btSeparator bottomSmallSpaced noBorder\" ><hr><\/div><div class=\"boldRow boldInnerRow\" ><div class=\"rowItem rowInnerItem col-md-6  btTextLeft\"  ><div class=\"rowItemContent\"><div class=\"servicesItem  btIcoAccentColorIcon btIcoMediumSizeIcon\"><div class=\"sIcon\"><span class=\"btIco btIcoMediumSize btIcoDefaultType btIcoAccentColor\" ><span  data-ico-s7=\"&#xe66b;\" class=\"btIcoHolder\"><em><\/em><\/span><\/span><\/div><div class=\"sTxt\"><header class=\"header btClear small\" ><div class=\"dash\"><h4><span class=\"headline\">ZAMANINIZ VARSA KONTROL ED\u0130N<\/span><\/h4><\/div><\/header><p>Quisque rhoncus nec elit vitae ultrices. Praesent ut convallis elit. Nullam placerat magna in sagittis hendrerit.<\/p><\/div><\/div><div class=\"btClear btSeparator bottomSemiSpaced noBorder\" ><hr><\/div><div class=\"servicesItem  btIcoAccentColorIcon btIcoMediumSizeIcon\"><div class=\"sIcon\"><span class=\"btIco btIcoMediumSize btIcoDefaultType btIcoAccentColor\" ><span  data-ico-s7=\"&#xe6ae;\" class=\"btIcoHolder\"><em><\/em><\/span><\/span><\/div><div class=\"sTxt\"><header class=\"header btClear small\" ><div class=\"dash\"><h4><span class=\"headline\">ARRIVE IN TIME<\/span><\/h4><\/div><\/header><p>Cras ut mauris rhoncus, vulputate orci eu, convallis diam. Pellentesque eleifend quis nibh sit amet dictum.<\/p><\/div><\/div><div class=\"btClear btSeparator bottomSemiSpaced noBorder\" ><hr><\/div><\/div><\/div><div class=\"rowItem rowInnerItem col-md-6  btTextLeft\"  ><div class=\"rowItemContent\"><div class=\"servicesItem  btIcoAccentColorIcon btIcoMediumSizeIcon\"><div class=\"sIcon\"><span class=\"btIco btIcoMediumSize btIcoDefaultType btIcoAccentColor\" ><span  data-ico-s7=\"&#xe660;\" class=\"btIcoHolder\"><em><\/em><\/span><\/span><\/div><div class=\"sTxt\"><header class=\"header btClear small\" ><div class=\"dash\"><h4><span class=\"headline\">ARRANGE CHECKUP DATE AND TIME<\/span><\/h4><\/div><\/header><p>Sed interdum erat in sem ultrices venenatis auctor nec purus. Maecenas convallis eu risus pharetra suscipit.<\/p><\/div><\/div><div class=\"btClear btSeparator bottomSemiSpaced noBorder\" ><hr><\/div><div class=\"servicesItem  btIcoAccentColorIcon btIcoMediumSizeIcon\"><div class=\"sIcon\"><span class=\"btIco btIcoMediumSize btIcoDefaultType btIcoAccentColor\" ><span  data-ico-s7=\"&#xe6c6;\" class=\"btIcoHolder\"><em><\/em><\/span><\/span><\/div><div class=\"sTxt\"><header class=\"header btClear small\" ><div class=\"dash\"><h4><span class=\"headline\">FINISH THE CHECK UP<\/span><\/h4><\/div><\/header><p>Donec aliquam quam at massa suscipit interdum. Sed porttitor sapien quam, vel pellentesque nibh sagittis sit amet.<\/p><\/div><\/div><div class=\"btClear btSeparator bottomSemiSpaced noBorder\" ><hr><\/div><\/div><\/div><\/div><\/div><\/div><div class=\"rowItem col-md-4 col-ms-12 btTextCenter animate animate-fadein btTextIndent btHighlight btTopVertical\"  ><div class=\"rowItemContent\" ><div class=\"btClear btSeparator topSmallSpaced noBorder\" ><hr><\/div><header class=\"header btClear medium\" ><div class=\"dash\"><h3><span class=\"headline\">WORKING HOURS<\/span><\/h3><\/div><\/header><div class=\"btText\" ><\/p>\n<p>Duis scelerisque faucibus nisi sed lacinia. Curabitur ipsum elit.<\/p>\n<p>\n<\/div><div class=\"btClear btSeparator topSmallSpaced noBorder\" ><hr><\/div><div class=\"btWorkingHours  btWorkingHoursHasLink\" ><div class=\"btWorkingHoursInner\"><div class=\"btWorkingHoursInnerRow\"><div class=\"btWorkingHoursInnerTitle\">Monday<\/div><div class=\"btWorkingHoursInnerContent\">8:00 AM &#8211; 2:30 PM<\/div><div class=\"btWorkingHoursInnerLink\"><a href=\"\/en\/contact-us<br \/>&\/#8221; title=&#8221;BOOK&#8221;>BOOK<\/a><\/div><\/div><div class=\"btworkinghoursinnerrow\"><div class=\"btWorkingHoursInnerTitle\">Tuesday<\/div><div class=\"btWorkingHoursInnerContent\">8:00 AM &#8211; 7:00 PM<\/div><div class=\"btWorkingHoursInnerLink\"><a href=\"\/en\/contact-us<br \/>&\/#8221; title=&#8221;BOOK&#8221;>BOOK<\/a><\/div><\/div><div class=\"btworkinghoursinnerrow\"><div class=\"btWorkingHoursInnerTitle\">Wednesday<\/div><div class=\"btWorkingHoursInnerContent\">8:00 AM &#8211; 7:00 PM<\/div><div class=\"btWorkingHoursInnerLink\"><a href=\"\/en\/contact-us<br \/>&\/#8221; title=&#8221;BOOK&#8221;>BOOK<\/a><\/div><\/div><div class=\"btworkinghoursinnerrow\"><div class=\"btWorkingHoursInnerTitle\">Thursday<\/div><div class=\"btWorkingHoursInnerContent\">8:00 AM &#8211; 7:00 PM<\/div><div class=\"btWorkingHoursInnerLink\"><a href=\"\/en\/contact-us<br \/>&\/#8221; title=&#8221;BOOK&#8221;>BOOK<\/a><\/div><\/div><div class=\"btworkinghoursinnerrow\"><div class=\"btWorkingHoursInnerTitle\">Friday<\/div><div class=\"btWorkingHoursInnerContent\">8:00 AM &#8211; 7:00 PM<\/div><div class=\"btWorkingHoursInnerLink\"><a href=\"\/en\/contact-us<br \/>&\/#8221; title=&#8221;BOOK&#8221;>BOOK<\/a><\/div><\/div><div class=\"btworkinghoursinnerrow\"><div class=\"btWorkingHoursInnerTitle\">Saturday<\/div><div class=\"btWorkingHoursInnerContent\">Closed<\/div><div class=\"btWorkingHoursInnerLink\"><a href=\"#\" title=\"&lt;br \/&gt;&ldquo;&gt;&lt;br \/&gt;&lt;\/a&gt;&lt;\/div&gt;&lt;\/div&gt;&lt;div class=\"btworkinghoursinnerrow\"><div class=\"btWorkingHoursInnerTitle\">Sunday<\/div><div class=\"btWorkingHoursInnerContent\">Closed<\/div><\/div><\/div><\/div><div class=\"btClear btSeparator topSmallSpaced noBorder\" ><hr><\/div><a href=\"\/en\/about-us\/doctors-profile\/\" class=\"btBtn btBtn btnFilledStyle btnAccentColor btnSmall btnNormalWidth btnRightPosition btnNoIcon\" style=\"margin-bottom: -28px\"><span class=\"btnInnerText\">SUGGEST CHECK UP TIME<\/span><\/a><\/div><\/div><\/div><\/div><\/div><\/div><\/div><\/section><section id=\"bt_section69f3300e9752f\"  class=\"boldSection btDarkSkin gutter inherit\" style=\"background-color:#0cb8b6;\"><div class=\"port\"><div class=\"boldCell\"><div class=\"boldCellInner\"><div class=\"boldRow\" ><div class=\"boldRowInner\"><div class=\"rowItem col-md-8 col-ms-12 btTextLeft animate animate-fadein animate-moveright btMiddleVertical btDoublePadding\"  ><div class=\"rowItemContent\" ><div class=\"btClear btSeparator topSemiSpaced noBorder\" ><hr><\/div><header class=\"header btClear medium\" ><div class=\"btSuperTitle\">Book a checkup<\/div><div class=\"dash\"><h3><span class=\"headline\">WITH YOUR DOCTOR<\/span><\/h3><\/div><\/header><div class=\"btText\" ><\/p>\n<p>Suspendisse venenatis erat et sem egestas, sit amet luctus urna aliquet. Suspendisse cursus efficitur justo. Nam pulvinar sagittis lacus, varius scelerisque nisl pellentesque nec.<\/p>\n<p>\n<\/div><div class=\"btClear btSeparator topSemiSpaced noBorder\" ><hr><\/div><\/div><\/div><div class=\"rowItem col-md-4 col-ms-12 btTextLeft animate animate-fadein animate-moveleft btMiddleVertical btDoublePadding\" style=\"background-color: rgba(2, 157, 155, 1);\" ><div class=\"rowItemContent\" ><div class=\"btClear btSeparator topSmallSpaced noBorder\" ><hr><\/div><header class=\"header btClear medium\" ><div class=\"btSubTitle\">Select your doctor<\/div><\/header><div class=\"btText\" ><\/p>\n<p>Select the doctor you prefer and book a visit with him or her in a matter of minutes.<\/p>\n<p>\n<\/div><div class=\"btClear btSeparator topSmallSpaced noBorder\" ><hr><\/div><div class=\"btDropdown\" ><select class=\"btDropdownSelect\"><option value=\"\"> Choose a doctor<\/option><option value=\"doctors-profile<br \/>&#8220;>Sussie Wolff<\/option><option value=\"doctors-profile<br \/>&#8220;>Ashley Wilson<\/option><option value=\"doctors-profile<br \/>&#8220;>Gabriela Beckett<\/option><option value=\"doctors-profile<br \/>&#8220;>George Button<\/option><option value=\"doctors-profile<br \/>&#8220;>Alliana McDermot<\/option><option value=\"doctors-profile<br \/>&#8220;>James Fargo<\/option><option value=\"doctors-profile<br \/>&#8220;>Iliya Malyev<\/option><option value=\"doctors-profile\">Hellen Bruckheimer<\/option><\/select><\/div><div class=\"btClear btSeparator topSmallSpaced noBorder\" ><hr><\/div><\/div><\/div><\/div><\/div><\/div><\/div><\/div><\/section><section id=\"bt_section69f3300e98027\"  class=\"boldSection btDarkSkin inherit\" ><div class=\"port\"><div class=\"boldCell\"><div class=\"boldCellInner\"><div class=\"boldRow\" ><div class=\"boldRowInner\"><div class=\"rowItem col-md-12 col-ms-12  btTextLeft\"  ><div class=\"rowItemContent\" >\r\n\t\t\t<div class=\"btGoogleMapsWrapper\" \"><div id=\"map_canvas69f3300e98a8d\" style=\"height:500px;;\" class=\"btGmap\"><\/div><div class=\"btGoogleMapsContent\"><div class=\"btGoogleMapsWrap\"><span class=\"btInfoPaneToggler\"><\/span><div class=\"btClear btSeparator bottomSmallSpaced noBorder\" ><hr><\/div><div class=\"servicesItem  btIcoDefaultColorIcon btIcoMediumSizeIcon\"><div class=\"sIcon\"><span class=\"btIco btIcoMediumSize btIcoDefaultType btIcoDefaultColor\" ><span  data-ico-s7=\"&#xe638;\" class=\"btIcoHolder\"><em><\/em><\/span><\/span><\/div><div class=\"sTxt\"><header class=\"header btClear small\" ><div class=\"dash\"><h4><span class=\"headline\">Address<\/span><\/h4><\/div><\/header><p>27th Avenue<br \/><br\/>New York, W2 3XE<\/p><\/div><\/div><div class=\"btClear btSeparator bottomSmallSpaced noBorder\" ><hr><\/div><div class=\"servicesItem  btIcoDefaultColorIcon btIcoMediumSizeIcon\"><div class=\"sIcon\"><span class=\"btIco btIcoMediumSize btIcoDefaultType btIcoDefaultColor\" ><span  data-ico-s7=\"&#xe63a;\" class=\"btIcoHolder\"><em><\/em><\/span><\/span><\/div><div class=\"sTxt\"><header class=\"header btClear small\" ><div class=\"dash\"><h4><span class=\"headline\">Email<\/span><\/h4><\/div><\/header><p>office@medicare.com<\/p><\/div><\/div><div class=\"btClear btSeparator bottomSmallSpaced noBorder\" ><hr><\/div><div class=\"servicesItem  btIcoDefaultColorIcon btIcoMediumSizeIcon\"><div class=\"sIcon\"><span class=\"btIco btIcoMediumSize btIcoDefaultType btIcoDefaultColor\" ><span  data-ico-s7=\"&#xe670;\" class=\"btIcoHolder\"><em><\/em><\/span><\/span><\/div><div class=\"sTxt\"><header class=\"header btClear small\" ><div class=\"dash\"><h4><span class=\"headline\">Phone<\/span><\/h4><\/div><\/header><p>0-844-266-2447<br \/><br\/>0-800-777-2331<\/p><\/div><\/div><div class=\"btClear btSeparator bottomSmallSpaced noBorder\" ><hr><\/div><div class=\"servicesItem  btIcoDefaultColorIcon btIcoMediumSizeIcon\"><div class=\"sIcon\"><span class=\"btIco btIcoMediumSize btIcoDefaultType btIcoDefaultColor\" ><span  data-ico-s7=\"&#xe66b;\" class=\"btIcoHolder\"><em><\/em><\/span><\/span><\/div><div class=\"sTxt\"><header class=\"header btClear small\" ><div class=\"dash\"><h4><span class=\"headline\">Opening Hours<\/span><\/h4><\/div><\/header><p>Mon &#8211; Fri, 08:00 &#8211; 19:00<br \/><br\/>Closed on Weekends<\/p><\/div><\/div><div class=\"btClear btSeparator bottomSmallSpaced noBorder\" ><hr><\/div><\/div><\/div><\/div>\r\n\t\t\t<script type=\"text\/javascript\">\r\n\t\t\t\tjQuery( document ).ready(function() {\r\n\t\t\t\t\tbt_gmap_init( map_canvas69f3300e98a8d, 40.751784, -73.938911, 13, \"https:\/\/genart.com.tr\/wp-content\/uploads\/2015\/11\/icon-green.png\", \"\", \"\", \"\", \"W3siZmVhdHVyZVR5cGUiOiJhZG1pbmlzdHJhdGl2ZSIsImVsZW1lbnRUeXBlIjoibGFiZWxzLnRleHQuZmlsbCIsInN0eWxlcnMiOlt7ImNvbG9yIjoiIzYxOTVhMCJ9XX0seyJmZWF0dXJlVHlwZSI6ImFkbWluaXN0cmF0aXZlLnByb3ZpbmNlIiwiZWxlbWVudFR5cGUiOiJnZW9tZXRyeS5zdHJva2UiLCJzdHlsZXJzIjpbeyJ2aXNpYmlsaXR5Ijoib2ZmIn1dfSx7ImZlYXR1cmVUeXBlIjoibGFuZHNjYXBlIiwiZWxlbWVudFR5cGUiOiJnZW9tZXRyeSIsInN0eWxlcnMiOlt7ImxpZ2h0bmVzcyI6IjAifSx7InNhdHVyYXRpb24iOiIwIn0seyJjb2xvciI6IiNmNWY1ZjIifSx7ImdhbW1hIjoiMSJ9XX0seyJmZWF0dXJlVHlwZSI6ImxhbmRzY2FwZS5tYW5fbWFkZSIsImVsZW1lbnRUeXBlIjoiYWxsIiwic3R5bGVycyI6W3sibGlnaHRuZXNzIjoiLTMifSx7ImdhbW1hIjoiMS4wMCJ9XX0seyJmZWF0dXJlVHlwZSI6ImxhbmRzY2FwZS5uYXR1cmFsLnRlcnJhaW4iLCJlbGVtZW50VHlwZSI6ImFsbCIsInN0eWxlcnMiOlt7InZpc2liaWxpdHkiOiJvZmYifV19LHsiZmVhdHVyZVR5cGUiOiJwb2kiLCJlbGVtZW50VHlwZSI6ImFsbCIsInN0eWxlcnMiOlt7InZpc2liaWxpdHkiOiJvZmYifV19LHsiZmVhdHVyZVR5cGUiOiJwb2kucGFyayIsImVsZW1lbnRUeXBlIjoiZ2VvbWV0cnkuZmlsbCIsInN0eWxlcnMiOlt7ImNvbG9yIjoiI2JhZTVjZSJ9LHsidmlzaWJpbGl0eSI6Im9uIn1dfSx7ImZlYXR1cmVUeXBlIjoicm9hZCIsImVsZW1lbnRUeXBlIjoiYWxsIiwic3R5bGVycyI6W3sic2F0dXJhdGlvbiI6LTEwMH0seyJsaWdodG5lc3MiOjQ1fSx7InZpc2liaWxpdHkiOiJzaW1wbGlmaWVkIn1dfSx7ImZlYXR1cmVUeXBlIjoicm9hZC5oaWdod2F5IiwiZWxlbWVudFR5cGUiOiJhbGwiLCJzdHlsZXJzIjpbeyJ2aXNpYmlsaXR5Ijoic2ltcGxpZmllZCJ9XX0seyJmZWF0dXJlVHlwZSI6InJvYWQuaGlnaHdheSIsImVsZW1lbnRUeXBlIjoiZ2VvbWV0cnkuZmlsbCIsInN0eWxlcnMiOlt7ImNvbG9yIjoiI2ZhYzlhOSJ9LHsidmlzaWJpbGl0eSI6InNpbXBsaWZpZWQifV19LHsiZmVhdHVyZVR5cGUiOiJyb2FkLmhpZ2h3YXkiLCJlbGVtZW50VHlwZSI6ImxhYmVscy50ZXh0Iiwic3R5bGVycyI6W3siY29sb3IiOiIjNGU0ZTRlIn1dfSx7ImZlYXR1cmVUeXBlIjoicm9hZC5hcnRlcmlhbCIsImVsZW1lbnRUeXBlIjoibGFiZWxzLnRleHQuZmlsbCIsInN0eWxlcnMiOlt7ImNvbG9yIjoiIzc4Nzg3OCJ9XX0seyJmZWF0dXJlVHlwZSI6InJvYWQuYXJ0ZXJpYWwiLCJlbGVtZW50VHlwZSI6ImxhYmVscy5pY29uIiwic3R5bGVycyI6W3sidmlzaWJpbGl0eSI6Im9mZiJ9XX0seyJmZWF0dXJlVHlwZSI6InRyYW5zaXQiLCJlbGVtZW50VHlwZSI6ImFsbCIsInN0eWxlcnMiOlt7InZpc2liaWxpdHkiOiJzaW1wbGlmaWVkIn1dfSx7ImZlYXR1cmVUeXBlIjoidHJhbnNpdC5zdGF0aW9uLmFpcnBvcnQiLCJlbGVtZW50VHlwZSI6ImxhYmVscy5pY29uIiwic3R5bGVycyI6W3siaHVlIjoiIzBhMDBmZiJ9LHsic2F0dXJhdGlvbiI6Ii03NyJ9LHsiZ2FtbWEiOiIwLjU3In0seyJsaWdodG5lc3MiOiIwIn1dfSx7ImZlYXR1cmVUeXBlIjoidHJhbnNpdC5zdGF0aW9uLnJhaWwiLCJlbGVtZW50VHlwZSI6ImxhYmVscy50ZXh0LmZpbGwiLCJzdHlsZXJzIjpbeyJjb2xvciI6IiM0MzMyMWUifV19LHsiZmVhdHVyZVR5cGUiOiJ0cmFuc2l0LnN0YXRpb24ucmFpbCIsImVsZW1lbnRUeXBlIjoibGFiZWxzLmljb24iLCJzdHlsZXJzIjpbeyJodWUiOiIjZmY2YzAwIn0seyJsaWdodG5lc3MiOiI0In0seyJnYW1tYSI6IjAuNzUifSx7InNhdHVyYXRpb24iOiItNjgifV19LHsiZmVhdHVyZVR5cGUiOiJ3YXRlciIsImVsZW1lbnRUeXBlIjoiYWxsIiwic3R5bGVycyI6W3siY29sb3IiOiIjZWFmNmY4In0seyJ2aXNpYmlsaXR5Ijoib24ifV19LHsiZmVhdHVyZVR5cGUiOiJ3YXRlciIsImVsZW1lbnRUeXBlIjoiZ2VvbWV0cnkuZmlsbCIsInN0eWxlcnMiOlt7ImNvbG9yIjoiI2M3ZWNlZCJ9XX0seyJmZWF0dXJlVHlwZSI6IndhdGVyIiwiZWxlbWVudFR5cGUiOiJsYWJlbHMudGV4dC5maWxsIiwic3R5bGVycyI6W3sibGlnaHRuZXNzIjoiLTQ5In0seyJzYXR1cmF0aW9uIjoiLTUzIn0seyJnYW1tYSI6IjAuNzkifV19XQ==\" );\r\n\t\t\t\t\t});\t\r\n\t\t\t<\/script>\r\n\t\t\t<\/div><\/div><\/div><\/div><\/div><\/div><\/div><\/section><\/p>","protected":false},"excerpt":{"rendered":"","protected":false},"author":1,"featured_media":0,"parent":1339,"menu_order":0,"comment_status":"closed","ping_status":"closed","template":"","meta":{"footnotes":""},"class_list":["post-296","page","type-page","status-publish","hentry"],"_links":{"self":[{"href":"https:\/\/genart.com.tr\/en\/wp-json\/wp\/v2\/pages\/296","targetHints":{"allow":["GET"]}}],"collection":[{"href":"https:\/\/genart.com.tr\/en\/wp-json\/wp\/v2\/pages"}],"about":[{"href":"https:\/\/genart.com.tr\/en\/wp-json\/wp\/v2\/types\/page"}],"author":[{"embeddable":true,"href":"https:\/\/genart.com.tr\/en\/wp-json\/wp\/v2\/users\/1"}],"replies":[{"embeddable":true,"href":"https:\/\/genart.com.tr\/en\/wp-json\/wp\/v2\/comments?post=296"}],"version-history":[{"count":3,"href":"https:\/\/genart.com.tr\/en\/wp-json\/wp\/v2\/pages\/296\/revisions"}],"predecessor-version":[{"id":1988,"href":"https:\/\/genart.com.tr\/en\/wp-json\/wp\/v2\/pages\/296\/revisions\/1988"}],"up":[{"embeddable":true,"href":"https:\/\/genart.com.tr\/en\/wp-json\/wp\/v2\/pages\/1339"}],"wp:attachment":[{"href":"https:\/\/genart.com.tr\/en\/wp-json\/wp\/v2\/media?parent=296"}],"curies":[{"name":"wp","href":"https:\/\/api.w.org\/{rel}","templated":true}]}}